{"id":460,"date":"2025-05-07T18:33:30","date_gmt":"2025-05-07T18:33:30","guid":{"rendered":"https:\/\/greenlebanon.store\/product\/pimienta-negra-molida\/"},"modified":"2025-11-13T19:43:27","modified_gmt":"2025-11-13T19:43:27","slug":"pimienta-negra-molida","status":"publish","type":"product","link":"https:\/\/greenlebanon.store\/en\/product\/pimienta-negra-molida\/","title":{"rendered":"Pimienta Negra Molida,820g"},"content":{"rendered":"<p data-start=\"332\" data-end=\"574\">La pimienta negra molida de Green Lebanon es una especia esencial en la cocina libanesa, mediterr\u00e1nea y mundial, reconocida por su sabor intenso, aroma penetrante y ligero toque picante que realza el car\u00e1cter de cualquier plato.Perfecta para carnes, pescados, arroces, verduras, sopas y salsas, la pimienta negra no s\u00f3lo aporta sabor, sino tambi\u00e9n profundidad y equilibrio a las recetas, convirti\u00e9ndose en un ingrediente indispensable en la cocina diaria.Adem\u00e1s, es conocida por sus propiedades antioxidantes, digestivas y estimulantes, ayudando a mejorar la absorci\u00f3n de nutrientes y a favorecer una digesti\u00f3n saludable.Una especia natural, arom\u00e1tica y llena de beneficios, ideal para quienes disfrutan de una cocina aut\u00e9ntica, saludable y con sabor mediterr\u00e1neo.<\/p>","protected":false},"excerpt":{"rendered":"<p>La pimienta negra molida de Green Lebanon es una especia esencial en la cocina libanesa, mediterr\u00e1nea y mundial, reconocida por su sabor intenso, aroma penetrante y ligero toque picante que realza el car\u00e1cter de cualquier plato.Perfecta para carnes, pescados, arroces, verduras, sopas y salsas, la pimienta negra no s\u00f3lo aporta sabor, sino tambi\u00e9n profundidad y equilibrio a las recetas, convirti\u00e9ndose en un ingrediente indispensable en la cocina diaria.Adem\u00e1s, es conocida por sus propiedades antioxidantes, digestivas y estimulantes, ayudando a mejorar la absorci\u00f3n de nutrientes y a favorecer una digesti\u00f3n saludable.Una especia natural, arom\u00e1tica y llena de beneficios, ideal para quienes disfrutan de una cocina aut\u00e9ntica, saludable y con sabor mediterr\u00e1neo.<\/p>","protected":false},"featured_media":699,"comment_status":"open","ping_status":"closed","template":"","meta":{"_et_pb_use_builder":"","_et_pb_old_content":"","_et_gb_content_width":""},"product_brand":[106],"product_cat":[30],"product_tag":[153],"class_list":{"0":"post-460","1":"product","2":"type-product","3":"status-publish","4":"has-post-thumbnail","6":"product_brand-green-lebanon","7":"product_cat-especias-y-hierbas","8":"product_tag-pimienta-negra-molida","9":"product_shipping_class-envios","11":"first","12":"instock","13":"shipping-taxable","14":"purchasable","15":"product-type-simple"},"_links":{"self":[{"href":"https:\/\/greenlebanon.store\/en\/wp-json\/wp\/v2\/product\/460","targetHints":{"allow":["GET"]}}],"collection":[{"href":"https:\/\/greenlebanon.store\/en\/wp-json\/wp\/v2\/product"}],"about":[{"href":"https:\/\/greenlebanon.store\/en\/wp-json\/wp\/v2\/types\/product"}],"replies":[{"embeddable":true,"href":"https:\/\/greenlebanon.store\/en\/wp-json\/wp\/v2\/comments?post=460"}],"wp:featuredmedia":[{"embeddable":true,"href":"https:\/\/greenlebanon.store\/en\/wp-json\/wp\/v2\/media\/699"}],"wp:attachment":[{"href":"https:\/\/greenlebanon.store\/en\/wp-json\/wp\/v2\/media?parent=460"}],"wp:term":[{"taxonomy":"product_brand","embeddable":true,"href":"https:\/\/greenlebanon.store\/en\/wp-json\/wp\/v2\/product_brand?post=460"},{"taxonomy":"product_cat","embeddable":true,"href":"https:\/\/greenlebanon.store\/en\/wp-json\/wp\/v2\/product_cat?post=460"},{"taxonomy":"product_tag","embeddable":true,"href":"https:\/\/greenlebanon.store\/en\/wp-json\/wp\/v2\/product_tag?post=460"}],"curies":[{"name":"wp","href":"https:\/\/api.w.org\/{rel}","templated":true}]}}