{"id":468,"date":"2025-05-07T18:33:31","date_gmt":"2025-05-07T18:33:31","guid":{"rendered":"https:\/\/greenlebanon.store\/product\/queso-ensalada-blanco-2\/"},"modified":"2025-12-10T17:13:29","modified_gmt":"2025-12-10T17:13:29","slug":"queso-ensalada-blanco-2","status":"publish","type":"product","link":"https:\/\/greenlebanon.store\/en\/product\/queso-ensalada-blanco-2\/","title":{"rendered":"Queso Ensalada Blanco,200g"},"content":{"rendered":"<p>Queso blanco de origen griego, de sabor suave y textura firme, ideal para ensaladas y platos frescos. Se corta f\u00e1cilmente en cubos o l\u00e1minas y aporta un toque ligero y cremoso que realza verduras, aceitunas y ali\u00f1os sin dominar el sabor del plato.Su pr\u00e1ctico formato de 200 g es perfecto para el consumo diario y uso dom\u00e9stico.<\/p>","protected":false},"excerpt":{"rendered":"<p>Queso blanco de origen griego, de sabor suave y textura firme, ideal para ensaladas y platos frescos. Se corta f\u00e1cilmente en cubos o l\u00e1minas y aporta un toque ligero y cremoso que realza verduras, aceitunas y ali\u00f1os sin dominar el sabor del plato.Su pr\u00e1ctico formato de 200 g es perfecto para el consumo diario y uso dom\u00e9stico.<\/p>","protected":false},"featured_media":712,"comment_status":"open","ping_status":"closed","template":"","meta":{"_et_pb_use_builder":"","_et_pb_old_content":"","_et_gb_content_width":""},"product_brand":[171],"product_cat":[162],"product_tag":[170],"class_list":{"0":"post-468","1":"product","2":"type-product","3":"status-publish","4":"has-post-thumbnail","6":"product_brand-belas","7":"product_cat-refregirado-y-congelados","8":"product_tag-queso-ensalada-blanco","9":"product_shipping_class-producto-refrigerado","11":"first","12":"instock","13":"shipping-taxable","14":"purchasable","15":"product-type-simple"},"_links":{"self":[{"href":"https:\/\/greenlebanon.store\/en\/wp-json\/wp\/v2\/product\/468","targetHints":{"allow":["GET"]}}],"collection":[{"href":"https:\/\/greenlebanon.store\/en\/wp-json\/wp\/v2\/product"}],"about":[{"href":"https:\/\/greenlebanon.store\/en\/wp-json\/wp\/v2\/types\/product"}],"replies":[{"embeddable":true,"href":"https:\/\/greenlebanon.store\/en\/wp-json\/wp\/v2\/comments?post=468"}],"wp:featuredmedia":[{"embeddable":true,"href":"https:\/\/greenlebanon.store\/en\/wp-json\/wp\/v2\/media\/712"}],"wp:attachment":[{"href":"https:\/\/greenlebanon.store\/en\/wp-json\/wp\/v2\/media?parent=468"}],"wp:term":[{"taxonomy":"product_brand","embeddable":true,"href":"https:\/\/greenlebanon.store\/en\/wp-json\/wp\/v2\/product_brand?post=468"},{"taxonomy":"product_cat","embeddable":true,"href":"https:\/\/greenlebanon.store\/en\/wp-json\/wp\/v2\/product_cat?post=468"},{"taxonomy":"product_tag","embeddable":true,"href":"https:\/\/greenlebanon.store\/en\/wp-json\/wp\/v2\/product_tag?post=468"}],"curies":[{"name":"wp","href":"https:\/\/api.w.org\/{rel}","templated":true}]}}