{"id":469,"date":"2025-05-07T18:33:32","date_gmt":"2025-05-07T18:33:32","guid":{"rendered":"https:\/\/greenlebanon.store\/product\/queso-feta-dop\/"},"modified":"2025-12-10T17:26:18","modified_gmt":"2025-12-10T17:26:18","slug":"queso-feta-dop","status":"publish","type":"product","link":"https:\/\/greenlebanon.store\/en\/product\/queso-feta-dop\/","title":{"rendered":"Queso Feta DOP,200g"},"content":{"rendered":"<p data-start=\"112\" data-end=\"417\">El queso Feta es un queso blanco tradicional, elaborado desde la Antigua Grecia a partir de leche fresca pasteurizada de oveja y cabra. Es un producto con D.O.P. (Denominaci\u00f3n de Origen Protegida), elaborado siguiendo el m\u00e9todo tradicional, que garantiza su autenticidad y calidad.Destaca por su sabor caracter\u00edstico, intenso y equilibrado, su aroma natural y su color blanco puro.<br data-start=\"531\" data-end=\"534\" \/>Su formato pr\u00e1ctico de 200 g es ideal para el consumo diario, perfecto para ensaladas, platos mediterr\u00e1neos, verduras, pastas y recetas al horno.<\/p>","protected":false},"excerpt":{"rendered":"<p>El queso Feta es un queso blanco tradicional, elaborado desde la Antigua Grecia a partir de leche fresca pasteurizada de oveja y cabra. Es un producto con D.O.P. (Denominaci\u00f3n de Origen Protegida), elaborado siguiendo el m\u00e9todo tradicional, que garantiza su autenticidad y calidad.Destaca por su sabor caracter\u00edstico, intenso y equilibrado, su aroma natural y su color blanco puro.<br data-start=\"531\" data-end=\"534\" \/>Su formato pr\u00e1ctico de 200 g es ideal para el consumo diario, perfecto para ensaladas, platos mediterr\u00e1neos, verduras, pastas y recetas al horno.<\/p>","protected":false},"featured_media":713,"comment_status":"open","ping_status":"closed","template":"","meta":{"_et_pb_use_builder":"","_et_pb_old_content":"","_et_gb_content_width":""},"product_brand":[172],"product_cat":[162],"product_tag":[173],"class_list":{"0":"post-469","1":"product","2":"type-product","3":"status-publish","4":"has-post-thumbnail","6":"product_brand-mevgal","7":"product_cat-refregirado-y-congelados","8":"product_tag-queso-feta","9":"product_shipping_class-producto-refrigerado","11":"first","12":"instock","13":"shipping-taxable","14":"purchasable","15":"product-type-simple"},"_links":{"self":[{"href":"https:\/\/greenlebanon.store\/en\/wp-json\/wp\/v2\/product\/469","targetHints":{"allow":["GET"]}}],"collection":[{"href":"https:\/\/greenlebanon.store\/en\/wp-json\/wp\/v2\/product"}],"about":[{"href":"https:\/\/greenlebanon.store\/en\/wp-json\/wp\/v2\/types\/product"}],"replies":[{"embeddable":true,"href":"https:\/\/greenlebanon.store\/en\/wp-json\/wp\/v2\/comments?post=469"}],"wp:featuredmedia":[{"embeddable":true,"href":"https:\/\/greenlebanon.store\/en\/wp-json\/wp\/v2\/media\/713"}],"wp:attachment":[{"href":"https:\/\/greenlebanon.store\/en\/wp-json\/wp\/v2\/media?parent=469"}],"wp:term":[{"taxonomy":"product_brand","embeddable":true,"href":"https:\/\/greenlebanon.store\/en\/wp-json\/wp\/v2\/product_brand?post=469"},{"taxonomy":"product_cat","embeddable":true,"href":"https:\/\/greenlebanon.store\/en\/wp-json\/wp\/v2\/product_cat?post=469"},{"taxonomy":"product_tag","embeddable":true,"href":"https:\/\/greenlebanon.store\/en\/wp-json\/wp\/v2\/product_tag?post=469"}],"curies":[{"name":"wp","href":"https:\/\/api.w.org\/{rel}","templated":true}]}}