{"id":476,"date":"2025-05-07T18:33:33","date_gmt":"2025-05-07T18:33:33","guid":{"rendered":"https:\/\/greenlebanon.store\/product\/sahlab-mix-2\/"},"modified":"2025-11-05T17:42:01","modified_gmt":"2025-11-05T17:42:01","slug":"sahlab-mix-2","status":"publish","type":"product","link":"https:\/\/greenlebanon.store\/en\/product\/sahlab-mix-2\/","title":{"rendered":"Sahlab Mix,500g"},"content":{"rendered":"<p data-start=\"145\" data-end=\"492\">El Sahlab en polvo es una mezcla tradicional del Medio Oriente elaborada con sahlab natural, mastic y agua de azahar. Al prepararse con leche o agua caliente, se obtiene una bebida cremosa, arom\u00e1tica y reconfortante, perfecta para los d\u00edas fr\u00edos o como postre suave.Su textura espesa recuerda a un pud\u00edn delicado, con un sabor floral y ex\u00f3tico que evoca las aut\u00e9nticas cafeter\u00edas orientales.Delicioso caliente o tibio, se puede acompa\u00f1ar al gusto con <strong data-start=\"695\" data-end=\"725\">canela, nueces o pistachos<\/strong>.<br data-start=\"726\" data-end=\"729\" \/>Presentado en un formato de 500 g, ideal para disfrutar en familia o para preparar m\u00faltiples porciones.<\/p>","protected":false},"excerpt":{"rendered":"<p>El Sahlab en polvo es una mezcla tradicional del Medio Oriente elaborada con sahlab natural, mastic y agua de azahar. Al prepararse con leche o agua caliente, se obtiene una bebida cremosa, arom\u00e1tica y reconfortante, perfecta para los d\u00edas fr\u00edos o como postre suave.Su textura espesa recuerda a un pud\u00edn delicado, con un sabor floral y ex\u00f3tico que evoca las aut\u00e9nticas cafeter\u00edas orientales.Delicioso caliente o tibio, se puede acompa\u00f1ar al gusto con <strong data-start=\"695\" data-end=\"725\">canela, nueces o pistachos<\/strong>.<br data-start=\"726\" data-end=\"729\" \/>Presentado en un formato de 500 g, ideal para disfrutar en familia o para preparar m\u00faltiples porciones.<\/p>","protected":false},"featured_media":673,"comment_status":"open","ping_status":"closed","template":"","meta":{"_et_pb_use_builder":"","_et_pb_old_content":"","_et_gb_content_width":""},"product_brand":[49],"product_cat":[37],"product_tag":[134],"class_list":{"0":"post-476","1":"product","2":"type-product","3":"status-publish","4":"has-post-thumbnail","6":"product_brand-abido","7":"product_cat-dulces","8":"product_tag-sahlab","9":"product_shipping_class-envios","11":"first","12":"instock","13":"sale","14":"shipping-taxable","15":"purchasable","16":"product-type-simple"},"_links":{"self":[{"href":"https:\/\/greenlebanon.store\/en\/wp-json\/wp\/v2\/product\/476","targetHints":{"allow":["GET"]}}],"collection":[{"href":"https:\/\/greenlebanon.store\/en\/wp-json\/wp\/v2\/product"}],"about":[{"href":"https:\/\/greenlebanon.store\/en\/wp-json\/wp\/v2\/types\/product"}],"replies":[{"embeddable":true,"href":"https:\/\/greenlebanon.store\/en\/wp-json\/wp\/v2\/comments?post=476"}],"wp:featuredmedia":[{"embeddable":true,"href":"https:\/\/greenlebanon.store\/en\/wp-json\/wp\/v2\/media\/673"}],"wp:attachment":[{"href":"https:\/\/greenlebanon.store\/en\/wp-json\/wp\/v2\/media?parent=476"}],"wp:term":[{"taxonomy":"product_brand","embeddable":true,"href":"https:\/\/greenlebanon.store\/en\/wp-json\/wp\/v2\/product_brand?post=476"},{"taxonomy":"product_cat","embeddable":true,"href":"https:\/\/greenlebanon.store\/en\/wp-json\/wp\/v2\/product_cat?post=476"},{"taxonomy":"product_tag","embeddable":true,"href":"https:\/\/greenlebanon.store\/en\/wp-json\/wp\/v2\/product_tag?post=476"}],"curies":[{"name":"wp","href":"https:\/\/api.w.org\/{rel}","templated":true}]}}