{"id":478,"date":"2025-05-07T18:33:33","date_gmt":"2025-05-07T18:33:33","guid":{"rendered":"https:\/\/greenlebanon.store\/product\/salsa-harissa-cap-bon\/"},"modified":"2025-11-05T17:04:14","modified_gmt":"2025-11-05T17:04:14","slug":"salsa-harissa-cap-bon","status":"publish","type":"product","link":"https:\/\/greenlebanon.store\/en\/product\/salsa-harissa-cap-bon\/","title":{"rendered":"Salsa Harissa Du Cap Bon,380g"},"content":{"rendered":"<p>Picante, intensa y llena de sabor. Perfecta para dar car\u00e1cter a carnes, cusc\u00fas y platos mediterr\u00e1neos.<\/p>","protected":false},"excerpt":{"rendered":"<p>Picante, intensa y llena de sabor. Perfecta para dar car\u00e1cter a carnes, cusc\u00fas y platos mediterr\u00e1neos.<\/p>","protected":false},"featured_media":969,"comment_status":"open","ping_status":"closed","template":"","meta":{"_et_pb_use_builder":"","_et_pb_old_content":"","_et_gb_content_width":""},"product_brand":[130],"product_cat":[35],"product_tag":[131],"class_list":{"0":"post-478","1":"product","2":"type-product","3":"status-publish","4":"has-post-thumbnail","6":"product_brand-sicam","7":"product_cat-conservas-y-condimentos","8":"product_tag-harissa-du-cap-bon","9":"product_shipping_class-envios","11":"first","12":"instock","13":"shipping-taxable","14":"purchasable","15":"product-type-simple"},"_links":{"self":[{"href":"https:\/\/greenlebanon.store\/en\/wp-json\/wp\/v2\/product\/478","targetHints":{"allow":["GET"]}}],"collection":[{"href":"https:\/\/greenlebanon.store\/en\/wp-json\/wp\/v2\/product"}],"about":[{"href":"https:\/\/greenlebanon.store\/en\/wp-json\/wp\/v2\/types\/product"}],"replies":[{"embeddable":true,"href":"https:\/\/greenlebanon.store\/en\/wp-json\/wp\/v2\/comments?post=478"}],"wp:featuredmedia":[{"embeddable":true,"href":"https:\/\/greenlebanon.store\/en\/wp-json\/wp\/v2\/media\/969"}],"wp:attachment":[{"href":"https:\/\/greenlebanon.store\/en\/wp-json\/wp\/v2\/media?parent=478"}],"wp:term":[{"taxonomy":"product_brand","embeddable":true,"href":"https:\/\/greenlebanon.store\/en\/wp-json\/wp\/v2\/product_brand?post=478"},{"taxonomy":"product_cat","embeddable":true,"href":"https:\/\/greenlebanon.store\/en\/wp-json\/wp\/v2\/product_cat?post=478"},{"taxonomy":"product_tag","embeddable":true,"href":"https:\/\/greenlebanon.store\/en\/wp-json\/wp\/v2\/product_tag?post=478"}],"curies":[{"name":"wp","href":"https:\/\/api.w.org\/{rel}","templated":true}]}}