{"id":479,"date":"2025-05-07T18:33:33","date_gmt":"2025-05-07T18:33:33","guid":{"rendered":"https:\/\/greenlebanon.store\/product\/sesamo-dorado-tostado\/"},"modified":"2025-12-11T16:07:50","modified_gmt":"2025-12-11T16:07:50","slug":"sesamo-dorado-tostado","status":"publish","type":"product","link":"https:\/\/greenlebanon.store\/en\/product\/sesamo-dorado-tostado\/","title":{"rendered":"S\u00e9samo Dorado Tostado,1kg"},"content":{"rendered":"<p class=\"ds-markdown-paragraph\">Aporta un toque crujiente y un aroma intenso a nuez, gracias a su cuidadoso tostado. Listo para usar directamente, sin necesidad de preparaci\u00f3n.Ideal para:\u00a0espolvorear sobre ensaladas, sopas, platos de pasta y arroz. Esencial para preparar tahini casero, aderezos, y para dar el toque final a panes, bollos o sushi. Tambi\u00e9n queda perfecto en postres y barritas energ\u00e9ticas.El peque\u00f1o detalle que hace grande cualquier plato.<\/p>","protected":false},"excerpt":{"rendered":"<p>Aporta un toque crujiente y un aroma intenso a nuez, gracias a su cuidadoso tostado. Listo para usar directamente, sin necesidad de preparaci\u00f3n.Ideal para:\u00a0espolvorear sobre ensaladas, sopas, platos de pasta y arroz. Esencial para preparar tahini casero, aderezos, y para dar el toque final a panes, bollos o sushi. Tambi\u00e9n queda perfecto en postres y barritas energ\u00e9ticas.El peque\u00f1o detalle que hace grande cualquier plato.<\/p>","protected":false},"featured_media":730,"comment_status":"open","ping_status":"closed","template":"","meta":{"_et_pb_use_builder":"","_et_pb_old_content":"","_et_gb_content_width":""},"product_brand":[106],"product_cat":[34],"product_tag":[196],"class_list":{"0":"post-479","1":"product","2":"type-product","3":"status-publish","4":"has-post-thumbnail","6":"product_brand-green-lebanon","7":"product_cat-legumbres-y-cereales","8":"product_tag-sesamo-tostado","9":"product_shipping_class-envios","11":"first","12":"instock","13":"shipping-taxable","14":"purchasable","15":"product-type-simple"},"_links":{"self":[{"href":"https:\/\/greenlebanon.store\/en\/wp-json\/wp\/v2\/product\/479","targetHints":{"allow":["GET"]}}],"collection":[{"href":"https:\/\/greenlebanon.store\/en\/wp-json\/wp\/v2\/product"}],"about":[{"href":"https:\/\/greenlebanon.store\/en\/wp-json\/wp\/v2\/types\/product"}],"replies":[{"embeddable":true,"href":"https:\/\/greenlebanon.store\/en\/wp-json\/wp\/v2\/comments?post=479"}],"wp:featuredmedia":[{"embeddable":true,"href":"https:\/\/greenlebanon.store\/en\/wp-json\/wp\/v2\/media\/730"}],"wp:attachment":[{"href":"https:\/\/greenlebanon.store\/en\/wp-json\/wp\/v2\/media?parent=479"}],"wp:term":[{"taxonomy":"product_brand","embeddable":true,"href":"https:\/\/greenlebanon.store\/en\/wp-json\/wp\/v2\/product_brand?post=479"},{"taxonomy":"product_cat","embeddable":true,"href":"https:\/\/greenlebanon.store\/en\/wp-json\/wp\/v2\/product_cat?post=479"},{"taxonomy":"product_tag","embeddable":true,"href":"https:\/\/greenlebanon.store\/en\/wp-json\/wp\/v2\/product_tag?post=479"}],"curies":[{"name":"wp","href":"https:\/\/api.w.org\/{rel}","templated":true}]}}