{"id":483,"date":"2025-05-07T18:33:34","date_gmt":"2025-05-07T18:33:34","guid":{"rendered":"https:\/\/greenlebanon.store\/product\/sirope-de-datiles\/"},"modified":"2025-12-11T16:17:00","modified_gmt":"2025-12-11T16:17:00","slug":"sirope-de-datiles","status":"publish","type":"product","link":"https:\/\/greenlebanon.store\/en\/product\/sirope-de-datiles\/","title":{"rendered":"Sirope De D\u00e1tiles,450g"},"content":{"rendered":"<p class=\"ds-markdown-paragraph\">Dulce natural y denso, extra\u00eddo directamente del d\u00e1til, con un sabor profundo a caramelo y fruta seca. Una alternativa rica y nutritiva al az\u00facar refinado o a otras melazas.Ideal para:\u00a0endulzar y enriquecer postres, batidos, granolas y salsas agridulces. Es un ingrediente vers\u00e1til en reposter\u00eda, marinados para carnes (como el cordero), aderezos para ensaladas y en la elaboraci\u00f3n de productos de panader\u00eda. Se utiliza en diversas tradiciones culinarias, desde postres de Oriente Medio hasta platos de la cocina asi\u00e1tica y vegana.Un endulzante natural que aporta sabor y textura a tus creaciones m\u00e1s dulces y saladas.<\/p>","protected":false},"excerpt":{"rendered":"<p>Dulce natural y denso, extra\u00eddo directamente del d\u00e1til, con un sabor profundo a caramelo y fruta seca. Una alternativa rica y nutritiva al az\u00facar refinado o a otras melazas.Ideal para:\u00a0endulzar y enriquecer postres, batidos, granolas y salsas agridulces. Es un ingrediente vers\u00e1til en reposter\u00eda, marinados para carnes (como el cordero), aderezos para ensaladas y en la elaboraci\u00f3n de productos de panader\u00eda. Se utiliza en diversas tradiciones culinarias, desde postres de Oriente Medio hasta platos de la cocina asi\u00e1tica y vegana.Un endulzante natural que aporta sabor y textura a tus creaciones m\u00e1s dulces y saladas.<\/p>","protected":false},"featured_media":745,"comment_status":"open","ping_status":"closed","template":"","meta":{"_et_pb_use_builder":"","_et_pb_old_content":"","_et_gb_content_width":""},"product_brand":[199],"product_cat":[31],"product_tag":[200],"class_list":{"0":"post-483","1":"product","2":"type-product","3":"status-publish","4":"has-post-thumbnail","6":"product_brand-frumarco","7":"product_cat-siropes-y-liquidos","8":"product_tag-sirope-de-datiles","9":"product_shipping_class-envios","11":"first","12":"instock","13":"shipping-taxable","14":"purchasable","15":"product-type-simple"},"_links":{"self":[{"href":"https:\/\/greenlebanon.store\/en\/wp-json\/wp\/v2\/product\/483","targetHints":{"allow":["GET"]}}],"collection":[{"href":"https:\/\/greenlebanon.store\/en\/wp-json\/wp\/v2\/product"}],"about":[{"href":"https:\/\/greenlebanon.store\/en\/wp-json\/wp\/v2\/types\/product"}],"replies":[{"embeddable":true,"href":"https:\/\/greenlebanon.store\/en\/wp-json\/wp\/v2\/comments?post=483"}],"wp:featuredmedia":[{"embeddable":true,"href":"https:\/\/greenlebanon.store\/en\/wp-json\/wp\/v2\/media\/745"}],"wp:attachment":[{"href":"https:\/\/greenlebanon.store\/en\/wp-json\/wp\/v2\/media?parent=483"}],"wp:term":[{"taxonomy":"product_brand","embeddable":true,"href":"https:\/\/greenlebanon.store\/en\/wp-json\/wp\/v2\/product_brand?post=483"},{"taxonomy":"product_cat","embeddable":true,"href":"https:\/\/greenlebanon.store\/en\/wp-json\/wp\/v2\/product_cat?post=483"},{"taxonomy":"product_tag","embeddable":true,"href":"https:\/\/greenlebanon.store\/en\/wp-json\/wp\/v2\/product_tag?post=483"}],"curies":[{"name":"wp","href":"https:\/\/api.w.org\/{rel}","templated":true}]}}