{"id":484,"date":"2025-05-07T18:33:34","date_gmt":"2025-05-07T18:33:34","guid":{"rendered":"https:\/\/greenlebanon.store\/product\/sirope-de-jallab\/"},"modified":"2025-09-15T17:27:13","modified_gmt":"2025-09-15T17:27:13","slug":"sirope-de-jallab","status":"publish","type":"product","link":"https:\/\/greenlebanon.store\/en\/product\/sirope-de-jallab\/","title":{"rendered":"Sirope De Jallab,600ml"},"content":{"rendered":"","protected":false},"excerpt":{"rendered":"<p>El Sirope de Jallab es una bebida tradicional del Medio Oriente elaborada a base de d\u00e1tiles,que se distingue por su sabor dulce y arom\u00e1tico Al diluirlo en agua fr\u00eda y acompa\u00f1arlo con pi\u00f1ones o pasas,se convierte en una refrescante bebida veraniega, muy apreciada por su intensidad y autenticidad.<\/p>","protected":false},"featured_media":746,"comment_status":"open","ping_status":"closed","template":"","meta":{"_et_pb_use_builder":"","_et_pb_old_content":"","_et_gb_content_width":""},"product_brand":[],"product_cat":[31],"product_tag":[],"class_list":{"0":"post-484","1":"product","2":"type-product","3":"status-publish","4":"has-post-thumbnail","6":"product_cat-siropes-y-liquidos","7":"product_shipping_class-envios","9":"first","10":"instock","11":"shipping-taxable","12":"purchasable","13":"product-type-simple"},"_links":{"self":[{"href":"https:\/\/greenlebanon.store\/en\/wp-json\/wp\/v2\/product\/484","targetHints":{"allow":["GET"]}}],"collection":[{"href":"https:\/\/greenlebanon.store\/en\/wp-json\/wp\/v2\/product"}],"about":[{"href":"https:\/\/greenlebanon.store\/en\/wp-json\/wp\/v2\/types\/product"}],"replies":[{"embeddable":true,"href":"https:\/\/greenlebanon.store\/en\/wp-json\/wp\/v2\/comments?post=484"}],"wp:featuredmedia":[{"embeddable":true,"href":"https:\/\/greenlebanon.store\/en\/wp-json\/wp\/v2\/media\/746"}],"wp:attachment":[{"href":"https:\/\/greenlebanon.store\/en\/wp-json\/wp\/v2\/media?parent=484"}],"wp:term":[{"taxonomy":"product_brand","embeddable":true,"href":"https:\/\/greenlebanon.store\/en\/wp-json\/wp\/v2\/product_brand?post=484"},{"taxonomy":"product_cat","embeddable":true,"href":"https:\/\/greenlebanon.store\/en\/wp-json\/wp\/v2\/product_cat?post=484"},{"taxonomy":"product_tag","embeddable":true,"href":"https:\/\/greenlebanon.store\/en\/wp-json\/wp\/v2\/product_tag?post=484"}],"curies":[{"name":"wp","href":"https:\/\/api.w.org\/{rel}","templated":true}]}}