{"id":486,"date":"2025-05-07T18:33:34","date_gmt":"2025-05-07T18:33:34","guid":{"rendered":"https:\/\/greenlebanon.store\/product\/sirope-de-rosas\/"},"modified":"2025-12-11T16:22:13","modified_gmt":"2025-12-11T16:22:13","slug":"sirope-de-rosas","status":"publish","type":"product","link":"https:\/\/greenlebanon.store\/en\/product\/sirope-de-rosas\/","title":{"rendered":"Sirope De Rosas,600ml"},"content":{"rendered":"<p class=\"ds-markdown-paragraph\">Descubre la esencia floral del L\u00edbano en esta botella de 600 ml. Un sirope delicado y arom\u00e1tico, elaborado con esencias de rosa pura, que captura toda su fragancia y dulzura sutil.Ideal para:\u00a0dar un toque sofisticado a c\u00f3cteles, limonadas y t\u00e9s fr\u00edos. Tambi\u00e9n realza postres como helados, pasteles o yogures con su elegante sabor floral.Un lujo l\u00edquido que transforma cualquier momento en una experiencia sensorial.<\/p>","protected":false},"excerpt":{"rendered":"<p>Descubre la esencia floral del L\u00edbano en esta botella de 600 ml. Un sirope delicado y arom\u00e1tico, elaborado con esencias de rosa pura, que captura toda su fragancia y dulzura sutil.Ideal para:\u00a0dar un toque sofisticado a c\u00f3cteles, limonadas y t\u00e9s fr\u00edos. Tambi\u00e9n realza postres como helados, pasteles o yogures con su elegante sabor floral.Un lujo l\u00edquido que transforma cualquier momento en una experiencia sensorial.<\/p>","protected":false},"featured_media":748,"comment_status":"open","ping_status":"closed","template":"","meta":{"_et_pb_use_builder":"","_et_pb_old_content":"","_et_gb_content_width":""},"product_brand":[70],"product_cat":[31],"product_tag":[201],"class_list":{"0":"post-486","1":"product","2":"type-product","3":"status-publish","4":"has-post-thumbnail","6":"product_brand-chtoura-garden","7":"product_cat-siropes-y-liquidos","8":"product_tag-sirope-de-rosa","9":"product_shipping_class-envios","11":"first","12":"instock","13":"shipping-taxable","14":"purchasable","15":"product-type-simple"},"_links":{"self":[{"href":"https:\/\/greenlebanon.store\/en\/wp-json\/wp\/v2\/product\/486","targetHints":{"allow":["GET"]}}],"collection":[{"href":"https:\/\/greenlebanon.store\/en\/wp-json\/wp\/v2\/product"}],"about":[{"href":"https:\/\/greenlebanon.store\/en\/wp-json\/wp\/v2\/types\/product"}],"replies":[{"embeddable":true,"href":"https:\/\/greenlebanon.store\/en\/wp-json\/wp\/v2\/comments?post=486"}],"wp:featuredmedia":[{"embeddable":true,"href":"https:\/\/greenlebanon.store\/en\/wp-json\/wp\/v2\/media\/748"}],"wp:attachment":[{"href":"https:\/\/greenlebanon.store\/en\/wp-json\/wp\/v2\/media?parent=486"}],"wp:term":[{"taxonomy":"product_brand","embeddable":true,"href":"https:\/\/greenlebanon.store\/en\/wp-json\/wp\/v2\/product_brand?post=486"},{"taxonomy":"product_cat","embeddable":true,"href":"https:\/\/greenlebanon.store\/en\/wp-json\/wp\/v2\/product_cat?post=486"},{"taxonomy":"product_tag","embeddable":true,"href":"https:\/\/greenlebanon.store\/en\/wp-json\/wp\/v2\/product_tag?post=486"}],"curies":[{"name":"wp","href":"https:\/\/api.w.org\/{rel}","templated":true}]}}