{"id":487,"date":"2025-05-07T18:33:34","date_gmt":"2025-05-07T18:33:34","guid":{"rendered":"https:\/\/greenlebanon.store\/product\/sirope-de-tamarindo\/"},"modified":"2025-12-11T16:24:55","modified_gmt":"2025-12-11T16:24:55","slug":"sirope-de-tamarindo","status":"publish","type":"product","link":"https:\/\/greenlebanon.store\/en\/product\/sirope-de-tamarindo\/","title":{"rendered":"Sirope De Tamarindo,600ml"},"content":{"rendered":"<p class=\"ds-markdown-paragraph\">Descubre la esencia vibrante del L\u00edbano con este sirope de 600 ml, elaborado a partir de tamarindo puro. Ofrece un sabor distintivo, agridulce y de profundidad \u00fanica.Ideal para:\u00a0preparar refrescantes limonadas y t\u00e9s fr\u00edos, tan solo mezcl\u00e1ndolo con agua y hielo. Tambi\u00e9n a\u00f1ade un toque ex\u00f3tico a c\u00f3cteles innovadores, postres y salsas agridulces.Un viaje de sabor en cada gota. \u00a1Refresca, mezcla y disfruta!<\/p>","protected":false},"excerpt":{"rendered":"<p>Descubre la esencia vibrante del L\u00edbano con este sirope de 600 ml, elaborado a partir de tamarindo puro. Ofrece un sabor distintivo, agridulce y de profundidad \u00fanica.Ideal para:\u00a0preparar refrescantes limonadas y t\u00e9s fr\u00edos, tan solo mezcl\u00e1ndolo con agua y hielo. Tambi\u00e9n a\u00f1ade un toque ex\u00f3tico a c\u00f3cteles innovadores, postres y salsas agridulces.Un viaje de sabor en cada gota. \u00a1Refresca, mezcla y disfruta!<\/p>","protected":false},"featured_media":746,"comment_status":"open","ping_status":"closed","template":"","meta":{"_et_pb_use_builder":"","_et_pb_old_content":"","_et_gb_content_width":""},"product_brand":[],"product_cat":[31],"product_tag":[],"class_list":{"0":"post-487","1":"product","2":"type-product","3":"status-publish","4":"has-post-thumbnail","6":"product_cat-siropes-y-liquidos","7":"product_shipping_class-envios","9":"first","10":"instock","11":"shipping-taxable","12":"purchasable","13":"product-type-simple"},"_links":{"self":[{"href":"https:\/\/greenlebanon.store\/en\/wp-json\/wp\/v2\/product\/487","targetHints":{"allow":["GET"]}}],"collection":[{"href":"https:\/\/greenlebanon.store\/en\/wp-json\/wp\/v2\/product"}],"about":[{"href":"https:\/\/greenlebanon.store\/en\/wp-json\/wp\/v2\/types\/product"}],"replies":[{"embeddable":true,"href":"https:\/\/greenlebanon.store\/en\/wp-json\/wp\/v2\/comments?post=487"}],"wp:featuredmedia":[{"embeddable":true,"href":"https:\/\/greenlebanon.store\/en\/wp-json\/wp\/v2\/media\/746"}],"wp:attachment":[{"href":"https:\/\/greenlebanon.store\/en\/wp-json\/wp\/v2\/media?parent=487"}],"wp:term":[{"taxonomy":"product_brand","embeddable":true,"href":"https:\/\/greenlebanon.store\/en\/wp-json\/wp\/v2\/product_brand?post=487"},{"taxonomy":"product_cat","embeddable":true,"href":"https:\/\/greenlebanon.store\/en\/wp-json\/wp\/v2\/product_cat?post=487"},{"taxonomy":"product_tag","embeddable":true,"href":"https:\/\/greenlebanon.store\/en\/wp-json\/wp\/v2\/product_tag?post=487"}],"curies":[{"name":"wp","href":"https:\/\/api.w.org\/{rel}","templated":true}]}}