{"id":489,"date":"2025-05-07T18:33:35","date_gmt":"2025-05-07T18:33:35","guid":{"rendered":"https:\/\/greenlebanon.store\/product\/tahina-extra-phoenicia\/"},"modified":"2026-05-04T18:09:46","modified_gmt":"2026-05-04T18:09:46","slug":"tahina-extra-phoenicia","status":"publish","type":"product","link":"https:\/\/greenlebanon.store\/en\/product\/tahina-extra-phoenicia\/","title":{"rendered":"Tahina Extra PHOENICIA,450g"},"content":{"rendered":"<p><strong>La tahina n\u00famero 1 en ventas en el mercado espa\u00f1ol desde 1997.<\/strong><\/p>\n<p>Descubre el aut\u00e9ntico sabor del L\u00edbano con Tahini PHOENICIA, elaborada exclusivamente con <strong>s\u00e9samo tostado de primera calidad<\/strong>. Una crema pura, sin colesterol, sin conservantes, sin aditivos y sin colorantes, que captura la esencia tradicional de la mejor tahina.Ideal para preparar hummus cremoso, baba ganoush aut\u00e9ntico, salsas y aderezos. Lleva el verdadero sabor de la cocina libanesa a tu mesa con el respaldo de d\u00e9cadas de tradici\u00f3n y calidad.<\/p>","protected":false},"excerpt":{"rendered":"<p><strong>La tahina n\u00famero 1 en ventas en el mercado espa\u00f1ol desde 1997.<\/strong><\/p>\n<p>Descubre el aut\u00e9ntico sabor del L\u00edbano con Tahini PHOENICIA, elaborada exclusivamente con <strong>s\u00e9samo tostado de primera calidad<\/strong>. Una crema pura, sin colesterol, sin conservantes, sin aditivos y sin colorantes, que captura la esencia tradicional de la mejor tahina.Ideal para preparar hummus cremoso, baba ganoush aut\u00e9ntico, salsas y aderezos. Lleva el verdadero sabor de la cocina libanesa a tu mesa con el respaldo de d\u00e9cadas de tradici\u00f3n y calidad.<\/p>","protected":false},"featured_media":749,"comment_status":"open","ping_status":"closed","template":"","meta":{"_et_pb_use_builder":"","_et_pb_old_content":"","_et_gb_content_width":""},"product_brand":[203],"product_cat":[42],"product_tag":[204],"class_list":{"0":"post-489","1":"product","2":"type-product","3":"status-publish","4":"has-post-thumbnail","6":"product_brand-phoenicia","7":"product_cat-tahina","8":"product_tag-tahina","9":"product_shipping_class-envios","11":"first","12":"instock","13":"shipping-taxable","14":"purchasable","15":"product-type-simple"},"_links":{"self":[{"href":"https:\/\/greenlebanon.store\/en\/wp-json\/wp\/v2\/product\/489","targetHints":{"allow":["GET"]}}],"collection":[{"href":"https:\/\/greenlebanon.store\/en\/wp-json\/wp\/v2\/product"}],"about":[{"href":"https:\/\/greenlebanon.store\/en\/wp-json\/wp\/v2\/types\/product"}],"replies":[{"embeddable":true,"href":"https:\/\/greenlebanon.store\/en\/wp-json\/wp\/v2\/comments?post=489"}],"wp:featuredmedia":[{"embeddable":true,"href":"https:\/\/greenlebanon.store\/en\/wp-json\/wp\/v2\/media\/749"}],"wp:attachment":[{"href":"https:\/\/greenlebanon.store\/en\/wp-json\/wp\/v2\/media?parent=489"}],"wp:term":[{"taxonomy":"product_brand","embeddable":true,"href":"https:\/\/greenlebanon.store\/en\/wp-json\/wp\/v2\/product_brand?post=489"},{"taxonomy":"product_cat","embeddable":true,"href":"https:\/\/greenlebanon.store\/en\/wp-json\/wp\/v2\/product_cat?post=489"},{"taxonomy":"product_tag","embeddable":true,"href":"https:\/\/greenlebanon.store\/en\/wp-json\/wp\/v2\/product_tag?post=489"}],"curies":[{"name":"wp","href":"https:\/\/api.w.org\/{rel}","templated":true}]}}