{"id":494,"date":"2025-05-07T18:33:35","date_gmt":"2025-05-07T18:33:35","guid":{"rendered":"https:\/\/greenlebanon.store\/product\/te-libanes-zhourat\/"},"modified":"2025-09-18T16:26:11","modified_gmt":"2025-09-18T16:26:11","slug":"te-libanes-zhourat","status":"publish","type":"product","link":"https:\/\/greenlebanon.store\/en\/product\/te-libanes-zhourat\/","title":{"rendered":"Te Liban\u00e9s (Zhourat),100g"},"content":{"rendered":"<p data-start=\"56\" data-end=\"378\"><strong data-start=\"56\" data-end=\"92\">Zhourat \u2013 T\u00e9 Tradicional Liban\u00e9s<\/strong><br data-start=\"92\" data-end=\"95\" \/>El <em data-start=\"98\" data-end=\"107\">Zhourat<\/em> es una infusi\u00f3n herbal t\u00edpica del L\u00edbano,muy apreciada en la cultura levantina.No procede de la planta del t\u00e9,sino de una mezcla arom\u00e1tica de flores silvestres y hierbas de monta\u00f1a como manzanilla, p\u00e9talos de rosa,tila,an\u00eds entre otras.<\/p>\n<p data-start=\"56\" data-end=\"378\">Naturalmente libre de cafe\u00edna,combina notas florales dulces y terrosas con un aroma relajante.<\/p>\n<p data-start=\"480\" data-end=\"724\"><strong data-start=\"480\" data-end=\"496\">Preparaci\u00f3n:<\/strong><br data-start=\"496\" data-end=\"499\" \/>Se a\u00f1ade una cucharada de la mezcla seca en agua caliente y se deja reposar unos minutos.Puede endulzarse con miel o az\u00facar y disfrutarse tanto caliente,como digestivo y calmante,o fr\u00edo en verano como bebida refrescante.<\/p>\n<p data-start=\"726\" data-end=\"833\">M\u00e1s que una infusi\u00f3n, el <em data-start=\"751\" data-end=\"760\">Zhourat<\/em> es parte del patrimonio liban\u00e9s,uniendo sabor,bienestar y tradici\u00f3n.<\/p>","protected":false},"excerpt":{"rendered":"<p data-start=\"56\" data-end=\"378\"><strong data-start=\"56\" data-end=\"92\">Zhourat \u2013 T\u00e9 Tradicional Liban\u00e9s<\/strong><br data-start=\"92\" data-end=\"95\" \/>El <em data-start=\"98\" data-end=\"107\">Zhourat<\/em> es una infusi\u00f3n herbal t\u00edpica del L\u00edbano,muy apreciada en la cultura levantina.No procede de la planta del t\u00e9,sino de una mezcla arom\u00e1tica de flores silvestres y hierbas de monta\u00f1a como manzanilla, p\u00e9talos de rosa,tila,an\u00eds entre otras.<\/p>\n<p data-start=\"56\" data-end=\"378\">Naturalmente libre de cafe\u00edna,combina notas florales dulces y terrosas con un aroma relajante.<\/p>\n<p data-start=\"480\" data-end=\"724\"><strong data-start=\"480\" data-end=\"496\">Preparaci\u00f3n:<\/strong><br data-start=\"496\" data-end=\"499\" \/>Se a\u00f1ade una cucharada de la mezcla seca en agua caliente y se deja reposar unos minutos.Puede endulzarse con miel o az\u00facar y disfrutarse tanto caliente,como digestivo y calmante,o fr\u00edo en verano como bebida refrescante.<\/p>\n<p data-start=\"726\" data-end=\"833\">M\u00e1s que una infusi\u00f3n, el <em data-start=\"751\" data-end=\"760\">Zhourat<\/em> es parte del patrimonio liban\u00e9s,uniendo sabor,bienestar y tradici\u00f3n.<\/p>","protected":false},"featured_media":581,"comment_status":"open","ping_status":"closed","template":"","meta":{"_et_pb_use_builder":"","_et_pb_old_content":"","_et_gb_content_width":""},"product_brand":[53],"product_cat":[36],"product_tag":[64],"class_list":{"0":"post-494","1":"product","2":"type-product","3":"status-publish","4":"has-post-thumbnail","6":"product_brand-adonis","7":"product_cat-cafe-y-te","8":"product_tag-hierbas-mescladas","9":"product_shipping_class-envios","11":"first","12":"instock","13":"shipping-taxable","14":"purchasable","15":"product-type-simple"},"_links":{"self":[{"href":"https:\/\/greenlebanon.store\/en\/wp-json\/wp\/v2\/product\/494","targetHints":{"allow":["GET"]}}],"collection":[{"href":"https:\/\/greenlebanon.store\/en\/wp-json\/wp\/v2\/product"}],"about":[{"href":"https:\/\/greenlebanon.store\/en\/wp-json\/wp\/v2\/types\/product"}],"replies":[{"embeddable":true,"href":"https:\/\/greenlebanon.store\/en\/wp-json\/wp\/v2\/comments?post=494"}],"wp:featuredmedia":[{"embeddable":true,"href":"https:\/\/greenlebanon.store\/en\/wp-json\/wp\/v2\/media\/581"}],"wp:attachment":[{"href":"https:\/\/greenlebanon.store\/en\/wp-json\/wp\/v2\/media?parent=494"}],"wp:term":[{"taxonomy":"product_brand","embeddable":true,"href":"https:\/\/greenlebanon.store\/en\/wp-json\/wp\/v2\/product_brand?post=494"},{"taxonomy":"product_cat","embeddable":true,"href":"https:\/\/greenlebanon.store\/en\/wp-json\/wp\/v2\/product_cat?post=494"},{"taxonomy":"product_tag","embeddable":true,"href":"https:\/\/greenlebanon.store\/en\/wp-json\/wp\/v2\/product_tag?post=494"}],"curies":[{"name":"wp","href":"https:\/\/api.w.org\/{rel}","templated":true}]}}