{"id":495,"date":"2025-05-07T18:33:35","date_gmt":"2025-05-07T18:33:35","guid":{"rendered":"https:\/\/greenlebanon.store\/product\/te-negro-ceylon\/"},"modified":"2026-04-28T15:54:27","modified_gmt":"2026-04-28T15:54:27","slug":"te-negro-ceylon","status":"publish","type":"product","link":"https:\/\/greenlebanon.store\/en\/product\/te-negro-ceylon\/","title":{"rendered":"T\u00e9 Negro Ceylon,500g"},"content":{"rendered":"<p>Originario de las verdes colinas de Sri Lanka, este t\u00e9 negro se distingue por su car\u00e1cter intenso y elegante.Su aroma envolvente y sus notas profundas, despiertan los sentidos en cada sorbo. Rico en antioxidantes, es un aliado natural para revitalizar el cuerpo y la mente, convirtiendo cada taza en un ritual de energ\u00eda y placer.<\/p>","protected":false},"excerpt":{"rendered":"<p>Originario de las verdes colinas de Sri Lanka, este t\u00e9 negro se distingue por su car\u00e1cter intenso y elegante.Su aroma envolvente y sus notas profundas, despiertan los sentidos en cada sorbo. Rico en antioxidantes, es un aliado natural para revitalizar el cuerpo y la mente, convirtiendo cada taza en un ritual de energ\u00eda y placer.<\/p>","protected":false},"featured_media":582,"comment_status":"open","ping_status":"closed","template":"","meta":{"_et_pb_use_builder":"","_et_pb_old_content":"","_et_gb_content_width":""},"product_brand":[67],"product_cat":[36],"product_tag":[68],"class_list":{"0":"post-495","1":"product","2":"type-product","3":"status-publish","4":"has-post-thumbnail","6":"product_brand-tanay","7":"product_cat-cafe-y-te","8":"product_tag-ceylon-black-tea","9":"product_shipping_class-envios","11":"first","12":"instock","13":"shipping-taxable","14":"purchasable","15":"product-type-simple"},"_links":{"self":[{"href":"https:\/\/greenlebanon.store\/en\/wp-json\/wp\/v2\/product\/495","targetHints":{"allow":["GET"]}}],"collection":[{"href":"https:\/\/greenlebanon.store\/en\/wp-json\/wp\/v2\/product"}],"about":[{"href":"https:\/\/greenlebanon.store\/en\/wp-json\/wp\/v2\/types\/product"}],"replies":[{"embeddable":true,"href":"https:\/\/greenlebanon.store\/en\/wp-json\/wp\/v2\/comments?post=495"}],"wp:featuredmedia":[{"embeddable":true,"href":"https:\/\/greenlebanon.store\/en\/wp-json\/wp\/v2\/media\/582"}],"wp:attachment":[{"href":"https:\/\/greenlebanon.store\/en\/wp-json\/wp\/v2\/media?parent=495"}],"wp:term":[{"taxonomy":"product_brand","embeddable":true,"href":"https:\/\/greenlebanon.store\/en\/wp-json\/wp\/v2\/product_brand?post=495"},{"taxonomy":"product_cat","embeddable":true,"href":"https:\/\/greenlebanon.store\/en\/wp-json\/wp\/v2\/product_cat?post=495"},{"taxonomy":"product_tag","embeddable":true,"href":"https:\/\/greenlebanon.store\/en\/wp-json\/wp\/v2\/product_tag?post=495"}],"curies":[{"name":"wp","href":"https:\/\/api.w.org\/{rel}","templated":true}]}}