{"id":497,"date":"2025-05-07T18:33:36","date_gmt":"2025-05-07T18:33:36","guid":{"rendered":"https:\/\/greenlebanon.store\/product\/tomate-concentrado\/"},"modified":"2025-11-05T17:12:56","modified_gmt":"2025-11-05T17:12:56","slug":"tomate-concentrado","status":"publish","type":"product","link":"https:\/\/greenlebanon.store\/en\/product\/tomate-concentrado\/","title":{"rendered":"Tomate Concentrado,800g"},"content":{"rendered":"<p data-start=\"263\" data-end=\"575\">Elaborada exclusivamente con <strong data-start=\"330\" data-end=\"364\">tomates frescos 100% naturales<\/strong>,la <strong data-start=\"369\" data-end=\"405\">Pasta de Tomate de Green Lebanon<\/strong> concentra todo el sabor y la intensidad del tomate madurado al sol.Sin conservantes ni aditivos,ofrece un gusto profundo y aut\u00e9ntico que realza cualquier receta.Su sabor intenso y textura espesa la convierten en un ingrediente esencial para guisos, salsas, arroces, pastas y platos mediterr\u00e1neos, aportando color, aroma y un toque casero inigualable.Un producto natural y vers\u00e1til que lleva a tu cocina el aut\u00e9ntico sabor del tomate de calidad.<\/p>","protected":false},"excerpt":{"rendered":"<p>Elaborada exclusivamente con <strong data-start=\"330\" data-end=\"364\">tomates frescos 100% naturales<\/strong>,la <strong data-start=\"369\" data-end=\"405\">Pasta de Tomate de Green Lebanon<\/strong> concentra todo el sabor y la intensidad del tomate madurado al sol.Sin conservantes ni aditivos,ofrece un gusto profundo y aut\u00e9ntico que realza cualquier receta.Su sabor intenso y textura espesa la convierten en un ingrediente esencial para guisos, salsas, arroces, pastas y platos mediterr\u00e1neos, aportando color, aroma y un toque casero inigualable.Un producto natural y vers\u00e1til que lleva a tu cocina el aut\u00e9ntico sabor del tomate de calidad.<\/p>","protected":false},"featured_media":667,"comment_status":"open","ping_status":"closed","template":"","meta":{"_et_pb_use_builder":"","_et_pb_old_content":"","_et_gb_content_width":""},"product_brand":[106],"product_cat":[35],"product_tag":[132],"class_list":{"0":"post-497","1":"product","2":"type-product","3":"status-publish","4":"has-post-thumbnail","6":"product_brand-green-lebanon","7":"product_cat-conservas-y-condimentos","8":"product_tag-pasta-de-tomate","9":"product_shipping_class-envios","11":"first","12":"instock","13":"shipping-taxable","14":"purchasable","15":"product-type-simple"},"_links":{"self":[{"href":"https:\/\/greenlebanon.store\/en\/wp-json\/wp\/v2\/product\/497","targetHints":{"allow":["GET"]}}],"collection":[{"href":"https:\/\/greenlebanon.store\/en\/wp-json\/wp\/v2\/product"}],"about":[{"href":"https:\/\/greenlebanon.store\/en\/wp-json\/wp\/v2\/types\/product"}],"replies":[{"embeddable":true,"href":"https:\/\/greenlebanon.store\/en\/wp-json\/wp\/v2\/comments?post=497"}],"wp:featuredmedia":[{"embeddable":true,"href":"https:\/\/greenlebanon.store\/en\/wp-json\/wp\/v2\/media\/667"}],"wp:attachment":[{"href":"https:\/\/greenlebanon.store\/en\/wp-json\/wp\/v2\/media?parent=497"}],"wp:term":[{"taxonomy":"product_brand","embeddable":true,"href":"https:\/\/greenlebanon.store\/en\/wp-json\/wp\/v2\/product_brand?post=497"},{"taxonomy":"product_cat","embeddable":true,"href":"https:\/\/greenlebanon.store\/en\/wp-json\/wp\/v2\/product_cat?post=497"},{"taxonomy":"product_tag","embeddable":true,"href":"https:\/\/greenlebanon.store\/en\/wp-json\/wp\/v2\/product_tag?post=497"}],"curies":[{"name":"wp","href":"https:\/\/api.w.org\/{rel}","templated":true}]}}