{"id":500,"date":"2025-05-07T18:33:36","date_gmt":"2025-05-07T18:33:36","guid":{"rendered":"https:\/\/greenlebanon.store\/product\/vino-blanco-blanc-de-lobservatoire\/"},"modified":"2025-12-15T10:08:58","modified_gmt":"2025-12-15T10:08:58","slug":"vino-blanco-blanc-de-lobservatoire","status":"publish","type":"product","link":"https:\/\/greenlebanon.store\/en\/product\/vino-blanco-blanc-de-lobservatoire\/","title":{"rendered":"Vino Blanco BLANC DE L&#8217;OBSERVATOIRE,750ml"},"content":{"rendered":"<p data-start=\"92\" data-end=\"302\"><strong data-start=\"92\" data-end=\"131\">Un vino vers\u00e1til, fresco y afrutado<\/strong>, f\u00e1cil de beber, que captura la esencia del Valle de la Bekaa con su car\u00e1cter sencillo pero elegante de c\u00edtricos, frutas de hueso y flores silvestres. Servir bien fr\u00edo.<\/p>\n<p data-start=\"92\" data-end=\"302\">","protected":false},"excerpt":{"rendered":"<p><strong data-start=\"92\" data-end=\"131\">Un vino vers\u00e1til, fresco y afrutado<\/strong>, f\u00e1cil de beber, que captura la esencia del Valle de la Bekaa con su car\u00e1cter sencillo pero elegante de c\u00edtricos, frutas de hueso y flores silvestres. Servir bien fr\u00edo.<\/p>","protected":false},"featured_media":587,"comment_status":"open","ping_status":"closed","template":"","meta":{"_et_pb_use_builder":"","_et_pb_old_content":"","_et_gb_content_width":""},"product_brand":[74],"product_cat":[33],"product_tag":[80],"class_list":{"0":"post-500","1":"product","2":"type-product","3":"status-publish","4":"has-post-thumbnail","6":"product_brand-ksara","7":"product_cat-cervezas-vinos-y-licores","8":"product_tag-blanc-de-lobservatoire","9":"product_shipping_class-envios","11":"first","12":"outofstock","13":"shipping-taxable","14":"purchasable","15":"product-type-simple"},"_links":{"self":[{"href":"https:\/\/greenlebanon.store\/en\/wp-json\/wp\/v2\/product\/500","targetHints":{"allow":["GET"]}}],"collection":[{"href":"https:\/\/greenlebanon.store\/en\/wp-json\/wp\/v2\/product"}],"about":[{"href":"https:\/\/greenlebanon.store\/en\/wp-json\/wp\/v2\/types\/product"}],"replies":[{"embeddable":true,"href":"https:\/\/greenlebanon.store\/en\/wp-json\/wp\/v2\/comments?post=500"}],"wp:featuredmedia":[{"embeddable":true,"href":"https:\/\/greenlebanon.store\/en\/wp-json\/wp\/v2\/media\/587"}],"wp:attachment":[{"href":"https:\/\/greenlebanon.store\/en\/wp-json\/wp\/v2\/media?parent=500"}],"wp:term":[{"taxonomy":"product_brand","embeddable":true,"href":"https:\/\/greenlebanon.store\/en\/wp-json\/wp\/v2\/product_brand?post=500"},{"taxonomy":"product_cat","embeddable":true,"href":"https:\/\/greenlebanon.store\/en\/wp-json\/wp\/v2\/product_cat?post=500"},{"taxonomy":"product_tag","embeddable":true,"href":"https:\/\/greenlebanon.store\/en\/wp-json\/wp\/v2\/product_tag?post=500"}],"curies":[{"name":"wp","href":"https:\/\/api.w.org\/{rel}","templated":true}]}}