{"id":501,"date":"2025-05-07T18:33:36","date_gmt":"2025-05-07T18:33:36","guid":{"rendered":"https:\/\/greenlebanon.store\/product\/vino-blanco-chardonnay\/"},"modified":"2025-10-15T14:00:29","modified_gmt":"2025-10-15T14:00:29","slug":"vino-blanco-chardonnay","status":"publish","type":"product","link":"https:\/\/greenlebanon.store\/en\/product\/vino-blanco-chardonnay\/","title":{"rendered":"Vino Blanco CHARDONNAY CUV\u00c9E DU PAPE,750ml"},"content":{"rendered":"<p>Un <strong data-start=\"3\" data-end=\"25\">Chardonnay cl\u00e1sico<\/strong>, cultivado en altitud, fermentado y envejecido <em data-start=\"73\" data-end=\"82\">sur lie<\/em> en roble nuevo. De cuerpo completo, complejo, fresco y cremoso, con notas c\u00edtricas, de fruta de hueso y matices salados. Este vino representa el m\u00e1ximo ejemplo de la experiencia enol\u00f3gica de <strong data-start=\"274\" data-end=\"291\">Ch\u00e2teau Ksara<\/strong> en la elaboraci\u00f3n de vinos blancos. Ideal para disfrutar ahora o dejar en guarda para su evoluci\u00f3n. Servir ligeramente fr\u00edo.<\/p>","protected":false},"excerpt":{"rendered":"<p>Un <strong data-start=\"3\" data-end=\"25\">Chardonnay cl\u00e1sico<\/strong>, cultivado en altitud, fermentado y envejecido <em data-start=\"73\" data-end=\"82\">sur lie<\/em> en roble nuevo. De cuerpo completo, complejo, fresco y cremoso, con notas c\u00edtricas, de fruta de hueso y matices salados. Este vino representa el m\u00e1ximo ejemplo de la experiencia enol\u00f3gica de <strong data-start=\"274\" data-end=\"291\">Ch\u00e2teau Ksara<\/strong> en la elaboraci\u00f3n de vinos blancos. Ideal para disfrutar ahora o dejar en guarda para su evoluci\u00f3n. Servir ligeramente fr\u00edo.<\/p>","protected":false},"featured_media":588,"comment_status":"open","ping_status":"closed","template":"","meta":{"_et_pb_use_builder":"","_et_pb_old_content":"","_et_gb_content_width":""},"product_brand":[74],"product_cat":[33],"product_tag":[86],"class_list":{"0":"post-501","1":"product","2":"type-product","3":"status-publish","4":"has-post-thumbnail","6":"product_brand-ksara","7":"product_cat-cervezas-vinos-y-licores","8":"product_tag-chardonnay","9":"product_shipping_class-envios","11":"first","12":"instock","13":"shipping-taxable","14":"purchasable","15":"product-type-simple"},"_links":{"self":[{"href":"https:\/\/greenlebanon.store\/en\/wp-json\/wp\/v2\/product\/501","targetHints":{"allow":["GET"]}}],"collection":[{"href":"https:\/\/greenlebanon.store\/en\/wp-json\/wp\/v2\/product"}],"about":[{"href":"https:\/\/greenlebanon.store\/en\/wp-json\/wp\/v2\/types\/product"}],"replies":[{"embeddable":true,"href":"https:\/\/greenlebanon.store\/en\/wp-json\/wp\/v2\/comments?post=501"}],"wp:featuredmedia":[{"embeddable":true,"href":"https:\/\/greenlebanon.store\/en\/wp-json\/wp\/v2\/media\/588"}],"wp:attachment":[{"href":"https:\/\/greenlebanon.store\/en\/wp-json\/wp\/v2\/media?parent=501"}],"wp:term":[{"taxonomy":"product_brand","embeddable":true,"href":"https:\/\/greenlebanon.store\/en\/wp-json\/wp\/v2\/product_brand?post=501"},{"taxonomy":"product_cat","embeddable":true,"href":"https:\/\/greenlebanon.store\/en\/wp-json\/wp\/v2\/product_cat?post=501"},{"taxonomy":"product_tag","embeddable":true,"href":"https:\/\/greenlebanon.store\/en\/wp-json\/wp\/v2\/product_tag?post=501"}],"curies":[{"name":"wp","href":"https:\/\/api.w.org\/{rel}","templated":true}]}}