{"id":502,"date":"2025-05-07T18:33:36","date_gmt":"2025-05-07T18:33:36","guid":{"rendered":"https:\/\/greenlebanon.store\/product\/vino-blanco-merwah\/"},"modified":"2025-10-15T14:03:58","modified_gmt":"2025-10-15T14:03:58","slug":"vino-blanco-merwah","status":"publish","type":"product","link":"https:\/\/greenlebanon.store\/en\/product\/vino-blanco-merwah\/","title":{"rendered":"Vino Blanco MERWAH,750ml"},"content":{"rendered":"<p data-start=\"0\" data-end=\"276\"><strong data-start=\"0\" data-end=\"10\">Merwah<\/strong> es una antigua variedad aut\u00f3ctona de uva blanca que refleja con gran intensidad la fuerza del extraordinario <em data-start=\"120\" data-end=\"129\">terroir<\/em> liban\u00e9s. Utilizada durante siglos en la elaboraci\u00f3n de vino y arak, ofrece aromas intensos a <strong data-start=\"223\" data-end=\"252\" data-is-only-node=\"\">c\u00edtricos y flores blancas<\/strong> con un toque mineral.Las uvas ecol\u00f3gicas provienen de <strong data-start=\"311\" data-end=\"340\">vi\u00f1edos de m\u00e1s de 60 a\u00f1os<\/strong>, situados a <strong data-start=\"353\" data-end=\"380\">1.600 metros de altitud<\/strong>, lo que aporta al paladar una <strong data-start=\"411\" data-end=\"432\">frescura vibrante<\/strong> y sabores de <strong data-start=\"446\" data-end=\"467\">frutas tropicales<\/strong> con sutiles notas de <strong data-start=\"489\" data-end=\"524\">guayaba, lima y mel\u00f3n de verano<\/strong>, perfectamente equilibradas con una acidez refrescante.<\/p>\n<p data-start=\"0\" data-end=\"276\"><strong data-start=\"584\" data-end=\"605\" data-is-last-node=\"\">Servir bien fr\u00edo.<\/strong><\/p>","protected":false},"excerpt":{"rendered":"<p data-start=\"0\" data-end=\"276\"><strong data-start=\"0\" data-end=\"10\">Merwah<\/strong> es una antigua variedad aut\u00f3ctona de uva blanca que refleja con gran intensidad la fuerza del extraordinario <em data-start=\"120\" data-end=\"129\">terroir<\/em> liban\u00e9s. Utilizada durante siglos en la elaboraci\u00f3n de vino y arak, ofrece aromas intensos a <strong data-start=\"223\" data-end=\"252\" data-is-only-node=\"\">c\u00edtricos y flores blancas<\/strong> con un toque mineral.Las uvas ecol\u00f3gicas provienen de <strong data-start=\"311\" data-end=\"340\">vi\u00f1edos de m\u00e1s de 60 a\u00f1os<\/strong>, situados a <strong data-start=\"353\" data-end=\"380\">1.600 metros de altitud<\/strong>, lo que aporta al paladar una <strong data-start=\"411\" data-end=\"432\">frescura vibrante<\/strong> y sabores de <strong data-start=\"446\" data-end=\"467\">frutas tropicales<\/strong> con sutiles notas de <strong data-start=\"489\" data-end=\"524\">guayaba, lima y mel\u00f3n de verano<\/strong>, perfectamente equilibradas con una acidez refrescante.<\/p>\n<p data-start=\"0\" data-end=\"276\"><strong data-start=\"584\" data-end=\"605\" data-is-last-node=\"\">Servir bien fr\u00edo.<\/strong><\/p>","protected":false},"featured_media":600,"comment_status":"open","ping_status":"closed","template":"","meta":{"_et_pb_use_builder":"","_et_pb_old_content":"","_et_gb_content_width":""},"product_brand":[74],"product_cat":[33],"product_tag":[87],"class_list":{"0":"post-502","1":"product","2":"type-product","3":"status-publish","4":"has-post-thumbnail","6":"product_brand-ksara","7":"product_cat-cervezas-vinos-y-licores","8":"product_tag-merwah","9":"product_shipping_class-envios","11":"first","12":"instock","13":"shipping-taxable","14":"purchasable","15":"product-type-simple"},"_links":{"self":[{"href":"https:\/\/greenlebanon.store\/en\/wp-json\/wp\/v2\/product\/502","targetHints":{"allow":["GET"]}}],"collection":[{"href":"https:\/\/greenlebanon.store\/en\/wp-json\/wp\/v2\/product"}],"about":[{"href":"https:\/\/greenlebanon.store\/en\/wp-json\/wp\/v2\/types\/product"}],"replies":[{"embeddable":true,"href":"https:\/\/greenlebanon.store\/en\/wp-json\/wp\/v2\/comments?post=502"}],"wp:featuredmedia":[{"embeddable":true,"href":"https:\/\/greenlebanon.store\/en\/wp-json\/wp\/v2\/media\/600"}],"wp:attachment":[{"href":"https:\/\/greenlebanon.store\/en\/wp-json\/wp\/v2\/media?parent=502"}],"wp:term":[{"taxonomy":"product_brand","embeddable":true,"href":"https:\/\/greenlebanon.store\/en\/wp-json\/wp\/v2\/product_brand?post=502"},{"taxonomy":"product_cat","embeddable":true,"href":"https:\/\/greenlebanon.store\/en\/wp-json\/wp\/v2\/product_cat?post=502"},{"taxonomy":"product_tag","embeddable":true,"href":"https:\/\/greenlebanon.store\/en\/wp-json\/wp\/v2\/product_tag?post=502"}],"curies":[{"name":"wp","href":"https:\/\/api.w.org\/{rel}","templated":true}]}}