{"id":505,"date":"2025-05-07T18:33:37","date_gmt":"2025-05-07T18:33:37","guid":{"rendered":"https:\/\/greenlebanon.store\/product\/vino-tinto-le-souverain\/"},"modified":"2026-01-06T16:50:11","modified_gmt":"2026-01-06T16:50:11","slug":"vino-tinto-le-souverain","status":"publish","type":"product","link":"https:\/\/greenlebanon.store\/en\/product\/vino-tinto-le-souverain\/","title":{"rendered":"Vino Tinto LE SOUVERAIN,750ml"},"content":{"rendered":"<p data-start=\"0\" data-end=\"331\">Elaborado con <strong data-start=\"14\" data-end=\"57\">uvas seleccionadas y vendimiadas a mano<\/strong>, <strong data-start=\"59\" data-end=\"75\">Le Souverain<\/strong> es el <strong data-start=\"82\" data-end=\"119\">vino emblem\u00e1tico de Ch\u00e2teau Ksara<\/strong> y la m\u00e1xima expresi\u00f3n de su maestr\u00eda enol\u00f3gica. Creado para conmemorar el <strong data-start=\"194\" data-end=\"227\">160\u00ba aniversario de la bodega<\/strong>, este vino excepcional representa la <strong data-start=\"265\" data-end=\"309\">perfecci\u00f3n, la tradici\u00f3n y la innovaci\u00f3n<\/strong> en un solo coupage.De <strong data-start=\"336\" data-end=\"372\">cuerpo completo, rico y complejo<\/strong>, ofrece <strong data-start=\"381\" data-end=\"415\">capas de frutas negras maduras<\/strong>, <strong data-start=\"417\" data-end=\"445\">toques de especias finas<\/strong>, <strong data-start=\"447\" data-end=\"472\">notas de madera noble<\/strong> y una estructura elegante que se despliega lentamente en boca, revelando su profundidad y equilibrio.<strong data-start=\"578\" data-end=\"594\">Le Souverain<\/strong> es un vino <strong data-start=\"606\" data-end=\"621\">sin filtrar<\/strong>, elaborado con esmero artesanal para preservar toda su esencia natural. Su gran potencial de guarda le permitir\u00e1 <strong data-start=\"735\" data-end=\"785\">evolucionar magn\u00edficamente durante muchos a\u00f1os<\/strong>, desarrollando a\u00fan m\u00e1s su car\u00e1cter y sofisticaci\u00f3n con el tiempo.<strong data-start=\"855\" data-end=\"890\">Ideal para ocasiones especiales<\/strong> o para los amantes del vino que buscan una experiencia \u00fanica, reflejo del legado y la excelencia de <strong data-start=\"991\" data-end=\"1008\">Ch\u00e2teau Ksara<\/strong><\/p>","protected":false},"excerpt":{"rendered":"<p>Elaborado con <strong data-start=\"14\" data-end=\"57\">uvas seleccionadas y vendimiadas a mano<\/strong>, <strong data-start=\"59\" data-end=\"75\">Le Souverain<\/strong> es el <strong data-start=\"82\" data-end=\"119\">vino emblem\u00e1tico de Ch\u00e2teau Ksara<\/strong> y la m\u00e1xima expresi\u00f3n de su maestr\u00eda enol\u00f3gica. Creado para conmemorar el <strong data-start=\"194\" data-end=\"227\">160\u00ba aniversario de la bodega<\/strong>, este vino excepcional representa la <strong data-start=\"265\" data-end=\"309\">perfecci\u00f3n, la tradici\u00f3n y la innovaci\u00f3n<\/strong> en un solo coupage.De <strong data-start=\"336\" data-end=\"372\">cuerpo completo, rico y complejo<\/strong>, ofrece <strong data-start=\"381\" data-end=\"415\">capas de frutas negras maduras<\/strong>, <strong data-start=\"417\" data-end=\"445\">toques de especias finas<\/strong>, <strong data-start=\"447\" data-end=\"472\">notas de madera noble<\/strong> y una estructura elegante que se despliega lentamente en boca, revelando su profundidad y equilibrio.<strong data-start=\"578\" data-end=\"594\">Le Souverain<\/strong> es un vino <strong data-start=\"606\" data-end=\"621\">sin filtrar<\/strong>, elaborado con esmero artesanal para preservar toda su esencia natural. Su gran potencial de guarda le permitir\u00e1 <strong data-start=\"735\" data-end=\"785\">evolucionar magn\u00edficamente durante muchos a\u00f1os<\/strong>, desarrollando a\u00fan m\u00e1s su car\u00e1cter y sofisticaci\u00f3n con el tiempo.<strong data-start=\"855\" data-end=\"890\">Ideal para ocasiones especiales<\/strong> o para los amantes del vino que buscan una experiencia \u00fanica, reflejo del legado y la excelencia de <strong data-start=\"991\" data-end=\"1008\">Ch\u00e2teau Ksara<\/strong><\/p>","protected":false},"featured_media":596,"comment_status":"open","ping_status":"closed","template":"","meta":{"_et_pb_use_builder":"","_et_pb_old_content":"","_et_gb_content_width":""},"product_brand":[74],"product_cat":[33],"product_tag":[90],"class_list":{"0":"post-505","1":"product","2":"type-product","3":"status-publish","4":"has-post-thumbnail","6":"product_brand-ksara","7":"product_cat-cervezas-vinos-y-licores","8":"product_tag-le-souverain","9":"product_shipping_class-envios","11":"first","12":"instock","13":"shipping-taxable","14":"purchasable","15":"product-type-simple"},"_links":{"self":[{"href":"https:\/\/greenlebanon.store\/en\/wp-json\/wp\/v2\/product\/505","targetHints":{"allow":["GET"]}}],"collection":[{"href":"https:\/\/greenlebanon.store\/en\/wp-json\/wp\/v2\/product"}],"about":[{"href":"https:\/\/greenlebanon.store\/en\/wp-json\/wp\/v2\/types\/product"}],"replies":[{"embeddable":true,"href":"https:\/\/greenlebanon.store\/en\/wp-json\/wp\/v2\/comments?post=505"}],"wp:featuredmedia":[{"embeddable":true,"href":"https:\/\/greenlebanon.store\/en\/wp-json\/wp\/v2\/media\/596"}],"wp:attachment":[{"href":"https:\/\/greenlebanon.store\/en\/wp-json\/wp\/v2\/media?parent=505"}],"wp:term":[{"taxonomy":"product_brand","embeddable":true,"href":"https:\/\/greenlebanon.store\/en\/wp-json\/wp\/v2\/product_brand?post=505"},{"taxonomy":"product_cat","embeddable":true,"href":"https:\/\/greenlebanon.store\/en\/wp-json\/wp\/v2\/product_cat?post=505"},{"taxonomy":"product_tag","embeddable":true,"href":"https:\/\/greenlebanon.store\/en\/wp-json\/wp\/v2\/product_tag?post=505"}],"curies":[{"name":"wp","href":"https:\/\/api.w.org\/{rel}","templated":true}]}}