{"id":508,"date":"2025-05-07T18:33:38","date_gmt":"2025-05-07T18:33:38","guid":{"rendered":"https:\/\/greenlebanon.store\/product\/vino-tinto-carignan-old-vine\/"},"modified":"2026-01-23T17:27:21","modified_gmt":"2026-01-23T17:27:21","slug":"vino-tinto-carignan-old-vine","status":"publish","type":"product","link":"https:\/\/greenlebanon.store\/en\/product\/vino-tinto-carignan-old-vine\/","title":{"rendered":"Vino Tinto CARIGNAN OLD VINE,750ml"},"content":{"rendered":"<p data-start=\"0\" data-end=\"204\">Un vino <strong data-start=\"8\" data-end=\"33\">sin crianza en madera<\/strong>, elaborado a partir de <strong data-start=\"57\" data-end=\"108\">vi\u00f1edos de m\u00e1s de 60 a\u00f1os y de bajo rendimiento<\/strong>, plantados en la \u00e9poca de los jesuitas y <strong data-start=\"150\" data-end=\"201\">fermentado en tanques de hormig\u00f3n del siglo XIX<\/strong>.Lanzado en <strong data-start=\"217\" data-end=\"225\">2020<\/strong> para rendir homenaje a una de las <strong data-start=\"260\" data-end=\"304\">grandes variedades del Valle de la Bekaa<\/strong>, este vino est\u00e1 <strong data-start=\"321\" data-end=\"345\">listo para disfrutar<\/strong> y ofrece <strong data-start=\"355\" data-end=\"399\">intensos sabores a frutas rojas y negras<\/strong>, acompa\u00f1ados de <strong data-start=\"416\" data-end=\"469\">notas especiadas y aromas de garriga mediterr\u00e1nea<\/strong>.Un vino <strong data-start=\"482\" data-end=\"517\">aut\u00e9ntico, fresco y equilibrado<\/strong>, que expresa con elegancia la historia, el car\u00e1cter y la riqueza natural de su tierra de origen. <strong data-start=\"615\" data-end=\"643\" data-is-last-node=\"\">Servir ligeramente fr\u00edo.<\/strong><\/p>","protected":false},"excerpt":{"rendered":"<p>Un vino <strong data-start=\"8\" data-end=\"33\">sin crianza en madera<\/strong>, elaborado a partir de <strong data-start=\"57\" data-end=\"108\">vi\u00f1edos de m\u00e1s de 60 a\u00f1os y de bajo rendimiento<\/strong>, plantados en la \u00e9poca de los jesuitas y <strong data-start=\"150\" data-end=\"201\">fermentado en tanques de hormig\u00f3n del siglo XIX<\/strong>.Lanzado en <strong data-start=\"217\" data-end=\"225\">2020<\/strong> para rendir homenaje a una de las <strong data-start=\"260\" data-end=\"304\">grandes variedades del Valle de la Bekaa<\/strong>, este vino est\u00e1 <strong data-start=\"321\" data-end=\"345\">listo para disfrutar<\/strong> y ofrece <strong data-start=\"355\" data-end=\"399\">intensos sabores a frutas rojas y negras<\/strong>, acompa\u00f1ados de <strong data-start=\"416\" data-end=\"469\">notas especiadas y aromas de garriga mediterr\u00e1nea<\/strong>.Un vino <strong data-start=\"482\" data-end=\"517\">aut\u00e9ntico, fresco y equilibrado<\/strong>, que expresa con elegancia la historia, el car\u00e1cter y la riqueza natural de su tierra de origen. <strong data-start=\"615\" data-end=\"643\" data-is-last-node=\"\">Servir ligeramente fr\u00edo.<\/strong><\/p>","protected":false},"featured_media":910,"comment_status":"open","ping_status":"closed","template":"","meta":{"_et_pb_use_builder":"","_et_pb_old_content":"","_et_gb_content_width":""},"product_brand":[],"product_cat":[33],"product_tag":[96],"class_list":{"0":"post-508","1":"product","2":"type-product","3":"status-publish","4":"has-post-thumbnail","6":"product_cat-cervezas-vinos-y-licores","7":"product_tag-carignan","8":"product_shipping_class-envios","10":"first","11":"instock","12":"shipping-taxable","13":"purchasable","14":"product-type-simple"},"_links":{"self":[{"href":"https:\/\/greenlebanon.store\/en\/wp-json\/wp\/v2\/product\/508","targetHints":{"allow":["GET"]}}],"collection":[{"href":"https:\/\/greenlebanon.store\/en\/wp-json\/wp\/v2\/product"}],"about":[{"href":"https:\/\/greenlebanon.store\/en\/wp-json\/wp\/v2\/types\/product"}],"replies":[{"embeddable":true,"href":"https:\/\/greenlebanon.store\/en\/wp-json\/wp\/v2\/comments?post=508"}],"wp:featuredmedia":[{"embeddable":true,"href":"https:\/\/greenlebanon.store\/en\/wp-json\/wp\/v2\/media\/910"}],"wp:attachment":[{"href":"https:\/\/greenlebanon.store\/en\/wp-json\/wp\/v2\/media?parent=508"}],"wp:term":[{"taxonomy":"product_brand","embeddable":true,"href":"https:\/\/greenlebanon.store\/en\/wp-json\/wp\/v2\/product_brand?post=508"},{"taxonomy":"product_cat","embeddable":true,"href":"https:\/\/greenlebanon.store\/en\/wp-json\/wp\/v2\/product_cat?post=508"},{"taxonomy":"product_tag","embeddable":true,"href":"https:\/\/greenlebanon.store\/en\/wp-json\/wp\/v2\/product_tag?post=508"}],"curies":[{"name":"wp","href":"https:\/\/api.w.org\/{rel}","templated":true}]}}