{"id":509,"date":"2025-05-07T18:33:38","date_gmt":"2025-05-07T18:33:38","guid":{"rendered":"https:\/\/greenlebanon.store\/product\/vino-tinto-chateau-rouge\/"},"modified":"2026-01-27T17:47:03","modified_gmt":"2026-01-27T17:47:03","slug":"vino-tinto-chateau-rouge","status":"publish","type":"product","link":"https:\/\/greenlebanon.store\/en\/product\/vino-tinto-chateau-rouge\/","title":{"rendered":"Vino Tinto CH\u00c2TEAU ROUGE,750ml"},"content":{"rendered":"<p data-start=\"0\" data-end=\"205\">Un <strong data-start=\"3\" data-end=\"32\">ensamblaje estilo Burdeos<\/strong> con un toque de <strong data-start=\"49\" data-end=\"69\">sol mediterr\u00e1neo<\/strong>. De <strong data-start=\"74\" data-end=\"93\">cuerpo completo<\/strong>, presenta <strong data-start=\"104\" data-end=\"147\">notas intensas de frutas rojas y negras<\/strong>, acompa\u00f1adas de <strong data-start=\"164\" data-end=\"202\">sutiles aromas a cedro y pimientos<\/strong>.Un vino <strong data-start=\"215\" data-end=\"247\">elegante y lleno de car\u00e1cter<\/strong>, que combina la riqueza del estilo cl\u00e1sico con la frescura y vitalidad de la regi\u00f3n mediterr\u00e1nea.<\/p>","protected":false},"excerpt":{"rendered":"<p>Un <strong data-start=\"3\" data-end=\"32\">ensamblaje estilo Burdeos<\/strong> con un toque de <strong data-start=\"49\" data-end=\"69\">sol mediterr\u00e1neo<\/strong>. De <strong data-start=\"74\" data-end=\"93\">cuerpo completo<\/strong>, presenta <strong data-start=\"104\" data-end=\"147\">notas intensas de frutas rojas y negras<\/strong>, acompa\u00f1adas de <strong data-start=\"164\" data-end=\"202\">sutiles aromas a cedro y pimientos<\/strong>.Un vino <strong data-start=\"215\" data-end=\"247\">elegante y lleno de car\u00e1cter<\/strong>, que combina la riqueza del estilo cl\u00e1sico con la frescura y vitalidad de la regi\u00f3n mediterr\u00e1nea.<\/p>","protected":false},"featured_media":593,"comment_status":"open","ping_status":"closed","template":"","meta":{"_et_pb_use_builder":"","_et_pb_old_content":"","_et_gb_content_width":""},"product_brand":[],"product_cat":[33],"product_tag":[97],"class_list":{"0":"post-509","1":"product","2":"type-product","3":"status-publish","4":"has-post-thumbnail","6":"product_cat-cervezas-vinos-y-licores","7":"product_tag-chateau","8":"product_shipping_class-envios","10":"first","11":"instock","12":"shipping-taxable","13":"purchasable","14":"product-type-simple"},"_links":{"self":[{"href":"https:\/\/greenlebanon.store\/en\/wp-json\/wp\/v2\/product\/509","targetHints":{"allow":["GET"]}}],"collection":[{"href":"https:\/\/greenlebanon.store\/en\/wp-json\/wp\/v2\/product"}],"about":[{"href":"https:\/\/greenlebanon.store\/en\/wp-json\/wp\/v2\/types\/product"}],"replies":[{"embeddable":true,"href":"https:\/\/greenlebanon.store\/en\/wp-json\/wp\/v2\/comments?post=509"}],"wp:featuredmedia":[{"embeddable":true,"href":"https:\/\/greenlebanon.store\/en\/wp-json\/wp\/v2\/media\/593"}],"wp:attachment":[{"href":"https:\/\/greenlebanon.store\/en\/wp-json\/wp\/v2\/media?parent=509"}],"wp:term":[{"taxonomy":"product_brand","embeddable":true,"href":"https:\/\/greenlebanon.store\/en\/wp-json\/wp\/v2\/product_brand?post=509"},{"taxonomy":"product_cat","embeddable":true,"href":"https:\/\/greenlebanon.store\/en\/wp-json\/wp\/v2\/product_cat?post=509"},{"taxonomy":"product_tag","embeddable":true,"href":"https:\/\/greenlebanon.store\/en\/wp-json\/wp\/v2\/product_tag?post=509"}],"curies":[{"name":"wp","href":"https:\/\/api.w.org\/{rel}","templated":true}]}}