{"id":510,"date":"2025-05-07T18:33:38","date_gmt":"2025-05-07T18:33:38","guid":{"rendered":"https:\/\/greenlebanon.store\/product\/vino-tinto-cuvee-de-printemps\/"},"modified":"2026-01-23T17:27:21","modified_gmt":"2026-01-23T17:27:21","slug":"vino-tinto-cuvee-de-printemps","status":"publish","type":"product","link":"https:\/\/greenlebanon.store\/en\/product\/vino-tinto-cuvee-de-printemps\/","title":{"rendered":"Vino Tinto CUV\u00c9E DE PRINTEMPS,750ml"},"content":{"rendered":"<p data-start=\"0\" data-end=\"262\">\u00a1Disfruta este verano de la <strong data-start=\"28\" data-end=\"72\">nueva presentaci\u00f3n de Cuv\u00e9e du Printemps<\/strong>! El vino tinto de verano al estilo <strong data-start=\"108\" data-end=\"122\">Beaujolais<\/strong> de Ch\u00e2teau Ksara ahora se comercializa con un <strong data-start=\"169\" data-end=\"196\">pr\u00e1ctico tap\u00f3n de rosca<\/strong>, ideal para disfrutar de un vino tinto ligero y f\u00e1cil de beber.Este <strong data-start=\"269\" data-end=\"311\">c\u00f3ctel afrutado de Gamay y Tempranillo<\/strong> se recomienda servir <strong data-start=\"333\" data-end=\"346\">bien fr\u00edo<\/strong> y marida perfectamente con <strong data-start=\"374\" data-end=\"391\">pizza y pasta<\/strong>, convirti\u00e9ndolo en la elecci\u00f3n ideal para los d\u00edas c\u00e1lidos de verano.<\/p>","protected":false},"excerpt":{"rendered":"<p>\u00a1Disfruta este verano de la <strong data-start=\"28\" data-end=\"72\">nueva presentaci\u00f3n de Cuv\u00e9e du Printemps<\/strong>! El vino tinto de verano al estilo <strong data-start=\"108\" data-end=\"122\">Beaujolais<\/strong> de Ch\u00e2teau Ksara ahora se comercializa con un <strong data-start=\"169\" data-end=\"196\">pr\u00e1ctico tap\u00f3n de rosca<\/strong>, ideal para disfrutar de un vino tinto ligero y f\u00e1cil de beber.Este <strong data-start=\"269\" data-end=\"311\">c\u00f3ctel afrutado de Gamay y Tempranillo<\/strong> se recomienda servir <strong data-start=\"333\" data-end=\"346\">bien fr\u00edo<\/strong> y marida perfectamente con <strong data-start=\"374\" data-end=\"391\">pizza y pasta<\/strong>, convirti\u00e9ndolo en la elecci\u00f3n ideal para los d\u00edas c\u00e1lidos de verano.<\/p>","protected":false},"featured_media":592,"comment_status":"open","ping_status":"closed","template":"","meta":{"_et_pb_use_builder":"","_et_pb_old_content":"","_et_gb_content_width":""},"product_brand":[],"product_cat":[33],"product_tag":[98],"class_list":{"0":"post-510","1":"product","2":"type-product","3":"status-publish","4":"has-post-thumbnail","6":"product_cat-cervezas-vinos-y-licores","7":"product_tag-cuvee-de-printemps","8":"product_shipping_class-envios","10":"first","11":"instock","12":"shipping-taxable","13":"purchasable","14":"product-type-simple"},"_links":{"self":[{"href":"https:\/\/greenlebanon.store\/en\/wp-json\/wp\/v2\/product\/510","targetHints":{"allow":["GET"]}}],"collection":[{"href":"https:\/\/greenlebanon.store\/en\/wp-json\/wp\/v2\/product"}],"about":[{"href":"https:\/\/greenlebanon.store\/en\/wp-json\/wp\/v2\/types\/product"}],"replies":[{"embeddable":true,"href":"https:\/\/greenlebanon.store\/en\/wp-json\/wp\/v2\/comments?post=510"}],"wp:featuredmedia":[{"embeddable":true,"href":"https:\/\/greenlebanon.store\/en\/wp-json\/wp\/v2\/media\/592"}],"wp:attachment":[{"href":"https:\/\/greenlebanon.store\/en\/wp-json\/wp\/v2\/media?parent=510"}],"wp:term":[{"taxonomy":"product_brand","embeddable":true,"href":"https:\/\/greenlebanon.store\/en\/wp-json\/wp\/v2\/product_brand?post=510"},{"taxonomy":"product_cat","embeddable":true,"href":"https:\/\/greenlebanon.store\/en\/wp-json\/wp\/v2\/product_cat?post=510"},{"taxonomy":"product_tag","embeddable":true,"href":"https:\/\/greenlebanon.store\/en\/wp-json\/wp\/v2\/product_tag?post=510"}],"curies":[{"name":"wp","href":"https:\/\/api.w.org\/{rel}","templated":true}]}}