{"id":511,"date":"2025-05-07T18:33:38","date_gmt":"2025-05-07T18:33:38","guid":{"rendered":"https:\/\/greenlebanon.store\/product\/vino-tinto-cuvee-du-3eme-millenaire\/"},"modified":"2026-01-06T16:50:11","modified_gmt":"2026-01-06T16:50:11","slug":"vino-tinto-cuvee-du-3eme-millenaire","status":"publish","type":"product","link":"https:\/\/greenlebanon.store\/en\/product\/vino-tinto-cuvee-du-3eme-millenaire\/","title":{"rendered":"Vino Tinto CUV\u00c9E DU 3\u00c8ME MILL\u00c9NAIRE,750ml"},"content":{"rendered":"<p data-start=\"0\" data-end=\"287\">Un <strong data-start=\"3\" data-end=\"32\">ensamblaje Bordeaux-Rh\u00f4ne<\/strong>, creado en el a\u00f1o <strong data-start=\"51\" data-end=\"59\">2000<\/strong> para celebrar el comienzo del nuevo siglo. De <strong data-start=\"106\" data-end=\"144\">cuerpo completo y car\u00e1cter intenso<\/strong>, destaca por sus <strong data-start=\"162\" data-end=\"214\">aromas y sabores a frutas rojas y negras maduras<\/strong>, con sutiles notas de <strong data-start=\"237\" data-end=\"248\">regaliz<\/strong> que aportan profundidad y elegancia.Un vino con personalidad y equilibrio, que refleja la experiencia y el saber hacer de <strong data-start=\"375\" data-end=\"392\">Ch\u00e2teau Ksara<\/strong> en la creaci\u00f3n de mezclas cl\u00e1sicas con un toque contempor\u00e1neo.<\/p>","protected":false},"excerpt":{"rendered":"<p>Un <strong data-start=\"3\" data-end=\"32\">ensamblaje Bordeaux-Rh\u00f4ne<\/strong>, creado en el a\u00f1o <strong data-start=\"51\" data-end=\"59\">2000<\/strong> para celebrar el comienzo del nuevo siglo. De <strong data-start=\"106\" data-end=\"144\">cuerpo completo y car\u00e1cter intenso<\/strong>, destaca por sus <strong data-start=\"162\" data-end=\"214\">aromas y sabores a frutas rojas y negras maduras<\/strong>, con sutiles notas de <strong data-start=\"237\" data-end=\"248\">regaliz<\/strong> que aportan profundidad y elegancia.Un vino con personalidad y equilibrio, que refleja la experiencia y el saber hacer de <strong data-start=\"375\" data-end=\"392\">Ch\u00e2teau Ksara<\/strong> en la creaci\u00f3n de mezclas cl\u00e1sicas con un toque contempor\u00e1neo.<\/p>","protected":false},"featured_media":591,"comment_status":"open","ping_status":"closed","template":"","meta":{"_et_pb_use_builder":"","_et_pb_old_content":"","_et_gb_content_width":""},"product_brand":[74],"product_cat":[33],"product_tag":[93],"class_list":{"0":"post-511","1":"product","2":"type-product","3":"status-publish","4":"has-post-thumbnail","6":"product_brand-ksara","7":"product_cat-cervezas-vinos-y-licores","8":"product_tag-cuvee-3eme-millenaire","9":"product_shipping_class-envios","11":"first","12":"instock","13":"shipping-taxable","14":"purchasable","15":"product-type-simple"},"_links":{"self":[{"href":"https:\/\/greenlebanon.store\/en\/wp-json\/wp\/v2\/product\/511","targetHints":{"allow":["GET"]}}],"collection":[{"href":"https:\/\/greenlebanon.store\/en\/wp-json\/wp\/v2\/product"}],"about":[{"href":"https:\/\/greenlebanon.store\/en\/wp-json\/wp\/v2\/types\/product"}],"replies":[{"embeddable":true,"href":"https:\/\/greenlebanon.store\/en\/wp-json\/wp\/v2\/comments?post=511"}],"wp:featuredmedia":[{"embeddable":true,"href":"https:\/\/greenlebanon.store\/en\/wp-json\/wp\/v2\/media\/591"}],"wp:attachment":[{"href":"https:\/\/greenlebanon.store\/en\/wp-json\/wp\/v2\/media?parent=511"}],"wp:term":[{"taxonomy":"product_brand","embeddable":true,"href":"https:\/\/greenlebanon.store\/en\/wp-json\/wp\/v2\/product_brand?post=511"},{"taxonomy":"product_cat","embeddable":true,"href":"https:\/\/greenlebanon.store\/en\/wp-json\/wp\/v2\/product_cat?post=511"},{"taxonomy":"product_tag","embeddable":true,"href":"https:\/\/greenlebanon.store\/en\/wp-json\/wp\/v2\/product_tag?post=511"}],"curies":[{"name":"wp","href":"https:\/\/api.w.org\/{rel}","templated":true}]}}