{"id":514,"date":"2025-05-07T18:33:38","date_gmt":"2025-05-07T18:33:38","guid":{"rendered":"https:\/\/greenlebanon.store\/product\/zaatar\/"},"modified":"2026-04-01T16:13:29","modified_gmt":"2026-04-01T16:13:29","slug":"zaatar","status":"publish","type":"product","link":"https:\/\/greenlebanon.store\/en\/product\/zaatar\/","title":{"rendered":"Zaatar Baladi,1kg"},"content":{"rendered":"<div class=\"flex max-w-full flex-col grow\">\n<div class=\"min-h-8 text-message relative flex w-full flex-col items-end gap-2 text-start break-words whitespace-normal [.text-message+&amp;]:mt-5\" dir=\"auto\" data-message-author-role=\"assistant\" data-message-id=\"169cac50-98e8-420b-acfa-3f9982335123\" data-message-model-slug=\"gpt-5\">\n<div class=\"flex w-full flex-col gap-1 empty:hidden first:pt-[3px]\">\n<div class=\"markdown prose dark:prose-invert w-full break-words light markdown-new-styling\">\n<p data-start=\"0\" data-end=\"418\" data-is-last-node=\"\" data-is-only-node=\"\">El Zaatar(Tomillo) es una mezcla tradicional de especias del Medio Oriente, preparada con tomillo,sumac y semillas de s\u00e9samo tostadas Su perfil de sabor es fragante herbal y con un toque \u00e1cido lo que lo convierte en el acompa\u00f1amiento ideal para verduras,panes,aceites de oliva y untables de legumbres como el hummus.Se utiliza para dar sabor a yogures y quesos frescos.El Zaatar es un condimento fundamental en la cocina de pa\u00edses como Palestina,Siria,L\u00edbano y Jordania.Aunque es una mezcla de uso com\u00fan,su composici\u00f3n puede variar ligeramente seg\u00fan la regi\u00f3n y la familia.<span class=\"pjBG2e\" data-cid=\"e1221863-320f-4cb1-ab4a-6de046c12707\"><span class=\"UV3uM\">\u00a0<\/span><\/span><\/p>\n<\/div>\n<\/div>\n<\/div>\n<\/div>\n<div class=\"flex min-h-[46px] justify-start\"><\/div>","protected":false},"excerpt":{"rendered":"<div class=\"flex max-w-full flex-col grow\">\n<div class=\"min-h-8 text-message relative flex w-full flex-col items-end gap-2 text-start break-words whitespace-normal [.text-message+&amp;]:mt-5\" dir=\"auto\" data-message-author-role=\"assistant\" data-message-id=\"169cac50-98e8-420b-acfa-3f9982335123\" data-message-model-slug=\"gpt-5\">\n<div class=\"flex w-full flex-col gap-1 empty:hidden first:pt-[3px]\">\n<div class=\"markdown prose dark:prose-invert w-full break-words light markdown-new-styling\">\n<p data-start=\"0\" data-end=\"418\" data-is-last-node=\"\" data-is-only-node=\"\">El Zaatar(Tomillo) es una mezcla tradicional de especias del Medio Oriente, preparada con tomillo,sumac y semillas de s\u00e9samo tostadas Su perfil de sabor es fragante herbal y con un toque \u00e1cido lo que lo convierte en el acompa\u00f1amiento ideal para verduras,panes,aceites de oliva y untables de legumbres como el hummus.Se utiliza para dar sabor a yogures y quesos frescos.El Zaatar es un condimento fundamental en la cocina de pa\u00edses como Palestina,Siria,L\u00edbano y Jordania.Aunque es una mezcla de uso com\u00fan,su composici\u00f3n puede variar ligeramente seg\u00fan la regi\u00f3n y la familia.<span class=\"pjBG2e\" data-cid=\"e1221863-320f-4cb1-ab4a-6de046c12707\"><span class=\"UV3uM\">\u00a0<\/span><\/span><\/p>\n<\/div>\n<\/div>\n<\/div>\n<\/div>\n<div class=\"flex min-h-[46px] justify-start\"><\/div>","protected":false},"featured_media":704,"comment_status":"open","ping_status":"closed","template":"","meta":{"_et_pb_use_builder":"","_et_pb_old_content":"","_et_gb_content_width":""},"product_brand":[53],"product_cat":[30],"product_tag":[57],"class_list":{"0":"post-514","1":"product","2":"type-product","3":"status-publish","4":"has-post-thumbnail","6":"product_brand-adonis","7":"product_cat-especias-y-hierbas","8":"product_tag-tomillo","9":"product_shipping_class-envios","11":"first","12":"instock","13":"shipping-taxable","14":"purchasable","15":"product-type-simple"},"_links":{"self":[{"href":"https:\/\/greenlebanon.store\/en\/wp-json\/wp\/v2\/product\/514","targetHints":{"allow":["GET"]}}],"collection":[{"href":"https:\/\/greenlebanon.store\/en\/wp-json\/wp\/v2\/product"}],"about":[{"href":"https:\/\/greenlebanon.store\/en\/wp-json\/wp\/v2\/types\/product"}],"replies":[{"embeddable":true,"href":"https:\/\/greenlebanon.store\/en\/wp-json\/wp\/v2\/comments?post=514"}],"wp:featuredmedia":[{"embeddable":true,"href":"https:\/\/greenlebanon.store\/en\/wp-json\/wp\/v2\/media\/704"}],"wp:attachment":[{"href":"https:\/\/greenlebanon.store\/en\/wp-json\/wp\/v2\/media?parent=514"}],"wp:term":[{"taxonomy":"product_brand","embeddable":true,"href":"https:\/\/greenlebanon.store\/en\/wp-json\/wp\/v2\/product_brand?post=514"},{"taxonomy":"product_cat","embeddable":true,"href":"https:\/\/greenlebanon.store\/en\/wp-json\/wp\/v2\/product_cat?post=514"},{"taxonomy":"product_tag","embeddable":true,"href":"https:\/\/greenlebanon.store\/en\/wp-json\/wp\/v2\/product_tag?post=514"}],"curies":[{"name":"wp","href":"https:\/\/api.w.org\/{rel}","templated":true}]}}