{"id":844,"date":"2025-09-16T16:40:36","date_gmt":"2025-09-16T16:40:36","guid":{"rendered":"https:\/\/greenlebanon.store\/?post_type=product&#038;p=844"},"modified":"2025-09-16T16:44:39","modified_gmt":"2025-09-16T16:44:39","slug":"especias-shawarma-ternera500g","status":"publish","type":"product","link":"https:\/\/greenlebanon.store\/en\/product\/especias-shawarma-ternera500g\/","title":{"rendered":"Especias Shawarma Ternera,500g"},"content":{"rendered":"<p>Dale a tu carne el sabor aut\u00e9ntico del Medio Oriente con las especias para Shawarma de Carne.Esta mezcla tradicional combina comino,piment\u00f3n,ajo y otras hierbas para lograr un perfil arom\u00e1tico y equilibrado. Perfecta para marinados,asados o barbacoas,es el secreto para preparar un shawarma lleno de car\u00e1cter y autenticidad.<\/p>","protected":false},"excerpt":{"rendered":"<p>Dale a tu carne el sabor aut\u00e9ntico del Medio Oriente con las especias para Shawarma de Carne.Esta mezcla tradicional combina comino,piment\u00f3n,ajo y otras hierbas para lograr un perfil arom\u00e1tico y equilibrado. Perfecta para marinados,asados o barbacoas,es el secreto para preparar un shawarma lleno de car\u00e1cter y autenticidad.<\/p>","protected":false},"featured_media":845,"comment_status":"open","ping_status":"closed","template":"","meta":{"_et_pb_use_builder":"","_et_pb_old_content":"","_et_gb_content_width":""},"product_brand":[49],"product_cat":[30],"product_tag":[52],"class_list":{"0":"post-844","1":"product","2":"type-product","3":"status-publish","4":"has-post-thumbnail","6":"product_brand-abido","7":"product_cat-especias-y-hierbas","8":"product_tag-especias-shawarma-ternera","9":"product_shipping_class-envios","11":"first","12":"instock","13":"shipping-taxable","14":"purchasable","15":"product-type-simple"},"_links":{"self":[{"href":"https:\/\/greenlebanon.store\/en\/wp-json\/wp\/v2\/product\/844","targetHints":{"allow":["GET"]}}],"collection":[{"href":"https:\/\/greenlebanon.store\/en\/wp-json\/wp\/v2\/product"}],"about":[{"href":"https:\/\/greenlebanon.store\/en\/wp-json\/wp\/v2\/types\/product"}],"replies":[{"embeddable":true,"href":"https:\/\/greenlebanon.store\/en\/wp-json\/wp\/v2\/comments?post=844"}],"wp:featuredmedia":[{"embeddable":true,"href":"https:\/\/greenlebanon.store\/en\/wp-json\/wp\/v2\/media\/845"}],"wp:attachment":[{"href":"https:\/\/greenlebanon.store\/en\/wp-json\/wp\/v2\/media?parent=844"}],"wp:term":[{"taxonomy":"product_brand","embeddable":true,"href":"https:\/\/greenlebanon.store\/en\/wp-json\/wp\/v2\/product_brand?post=844"},{"taxonomy":"product_cat","embeddable":true,"href":"https:\/\/greenlebanon.store\/en\/wp-json\/wp\/v2\/product_cat?post=844"},{"taxonomy":"product_tag","embeddable":true,"href":"https:\/\/greenlebanon.store\/en\/wp-json\/wp\/v2\/product_tag?post=844"}],"curies":[{"name":"wp","href":"https:\/\/api.w.org\/{rel}","templated":true}]}}