{"id":923,"date":"2025-10-30T18:55:53","date_gmt":"2025-10-30T18:55:53","guid":{"rendered":"https:\/\/greenlebanon.store\/?post_type=product&#038;p=923"},"modified":"2025-10-30T18:57:42","modified_gmt":"2025-10-30T18:57:42","slug":"kaakgalletas-de-sesamo400g","status":"publish","type":"product","link":"https:\/\/greenlebanon.store\/en\/product\/kaakgalletas-de-sesamo400g\/","title":{"rendered":"Kaak(Galletas De S\u00e9samo),400g"},"content":{"rendered":"<p>Kaak con s\u00e9samo:Delicioso pan tradicional liban\u00e9s en forma de bast\u00f3n, crujiente por fuera y suave por dentro. Cubierto con semillas de s\u00e9samo, es perfecto para acompa\u00f1ar con queso, zaatar o disfrutar como snack mediterr\u00e1neo aut\u00e9ntico<\/p>","protected":false},"excerpt":{"rendered":"<p>Kaak con s\u00e9samo:Delicioso pan tradicional liban\u00e9s en forma de bast\u00f3n, crujiente por fuera y suave por dentro. Cubierto con semillas de s\u00e9samo, es perfecto para acompa\u00f1ar con queso, zaatar o disfrutar como snack mediterr\u00e1neo aut\u00e9ntico<\/p>","protected":false},"featured_media":925,"comment_status":"open","ping_status":"closed","template":"","meta":{"_et_pb_use_builder":"","_et_pb_old_content":"","_et_gb_content_width":""},"product_brand":[112],"product_cat":[114],"product_tag":[113],"class_list":{"0":"post-923","1":"product","2":"type-product","3":"status-publish","4":"has-post-thumbnail","6":"product_brand-al-forno","7":"product_cat-snacks","8":"product_tag-breas-sticks","10":"first","11":"instock","12":"shipping-taxable","13":"purchasable","14":"product-type-simple"},"_links":{"self":[{"href":"https:\/\/greenlebanon.store\/en\/wp-json\/wp\/v2\/product\/923","targetHints":{"allow":["GET"]}}],"collection":[{"href":"https:\/\/greenlebanon.store\/en\/wp-json\/wp\/v2\/product"}],"about":[{"href":"https:\/\/greenlebanon.store\/en\/wp-json\/wp\/v2\/types\/product"}],"replies":[{"embeddable":true,"href":"https:\/\/greenlebanon.store\/en\/wp-json\/wp\/v2\/comments?post=923"}],"wp:featuredmedia":[{"embeddable":true,"href":"https:\/\/greenlebanon.store\/en\/wp-json\/wp\/v2\/media\/925"}],"wp:attachment":[{"href":"https:\/\/greenlebanon.store\/en\/wp-json\/wp\/v2\/media?parent=923"}],"wp:term":[{"taxonomy":"product_brand","embeddable":true,"href":"https:\/\/greenlebanon.store\/en\/wp-json\/wp\/v2\/product_brand?post=923"},{"taxonomy":"product_cat","embeddable":true,"href":"https:\/\/greenlebanon.store\/en\/wp-json\/wp\/v2\/product_cat?post=923"},{"taxonomy":"product_tag","embeddable":true,"href":"https:\/\/greenlebanon.store\/en\/wp-json\/wp\/v2\/product_tag?post=923"}],"curies":[{"name":"wp","href":"https:\/\/api.w.org\/{rel}","templated":true}]}}