{"id":926,"date":"2025-10-30T20:03:27","date_gmt":"2025-10-30T20:03:27","guid":{"rendered":"https:\/\/greenlebanon.store\/?post_type=product&#038;p=926"},"modified":"2025-11-05T17:16:14","modified_gmt":"2025-11-05T17:16:14","slug":"baklava-mixtin-box-430g","status":"publish","type":"product","link":"https:\/\/greenlebanon.store\/en\/product\/baklava-mixtin-box-430g\/","title":{"rendered":"Baklava Mix,Tin Box 430g"},"content":{"rendered":"<h3 data-start=\"146\" data-end=\"200\">Baklava \u2014 Un cl\u00e1sico de la reposter\u00eda oriental<\/h3>\n<p data-start=\"146\" data-end=\"200\">Un cl\u00e1sico de la reposter\u00eda oriental con siglos de historia, originario del Imperio Otomano y muy apreciado en todo el Mediterr\u00e1neo y Oriente Medio. Elaborado artesanalmente con finas capas de masa filo, frutos secos seleccionados y un delicado alm\u00edbar aromatizado con agua de azahar o miel.Disfruta del delicioso sabor de nuestros <strong data-start=\"537\" data-end=\"549\">Baklavas<\/strong>, elaborados <strong data-start=\"562\" data-end=\"582\">a mano en L\u00edbano<\/strong> con precisi\u00f3n y cuidado, siguiendo recetas tradicionales transmitidas de generaci\u00f3n en generaci\u00f3n. Esta lujosa caja surtida de dulces orientales combina <strong data-start=\"736\" data-end=\"780\">pistachos, nueces y anacardos arom\u00e1ticos<\/strong>, ofreciendo una textura crujiente y un sabor inigualable en cada bocado.Siempre <strong data-start=\"865\" data-end=\"913\">reci\u00e9n preparados y aut\u00e9nticamente libaneses<\/strong>, nuestros baklavas son un s\u00edmbolo de tradici\u00f3n, elegancia y exquisitez<\/p>","protected":false},"excerpt":{"rendered":"<h3 data-start=\"146\" data-end=\"200\">Baklava \u2014 Un cl\u00e1sico de la reposter\u00eda oriental<\/h3>\n<p>Un cl\u00e1sico de la reposter\u00eda oriental con siglos de historia, originario del Imperio Otomano y muy apreciado en todo el Mediterr\u00e1neo y Oriente Medio. Elaborado artesanalmente con finas capas de masa filo, frutos secos seleccionados y un delicado alm\u00edbar aromatizado con agua de azahar o miel.Disfruta del delicioso sabor de nuestros <strong data-start=\"537\" data-end=\"549\">Baklavas<\/strong>, elaborados <strong data-start=\"562\" data-end=\"582\">a mano en L\u00edbano<\/strong> con precisi\u00f3n y cuidado, siguiendo recetas tradicionales transmitidas de generaci\u00f3n en generaci\u00f3n. Esta lujosa caja surtida de dulces orientales combina <strong data-start=\"736\" data-end=\"780\">pistachos, nueces y anacardos arom\u00e1ticos<\/strong>, ofreciendo una textura crujiente y un sabor inigualable en cada bocado.Siempre <strong data-start=\"865\" data-end=\"913\">reci\u00e9n preparados y aut\u00e9nticamente libaneses<\/strong>, nuestros baklavas son un s\u00edmbolo de tradici\u00f3n, elegancia y exquisitez<\/p>","protected":false},"featured_media":928,"comment_status":"open","ping_status":"closed","template":"","meta":{"_et_pb_use_builder":"","_et_pb_old_content":"","_et_gb_content_width":""},"product_brand":[115],"product_cat":[37],"product_tag":[116],"class_list":{"0":"post-926","1":"product","2":"type-product","3":"status-publish","4":"has-post-thumbnail","6":"product_brand-al-sultan","7":"product_cat-dulces","8":"product_tag-baklava","10":"first","11":"instock","12":"shipping-taxable","13":"purchasable","14":"product-type-simple"},"_links":{"self":[{"href":"https:\/\/greenlebanon.store\/en\/wp-json\/wp\/v2\/product\/926","targetHints":{"allow":["GET"]}}],"collection":[{"href":"https:\/\/greenlebanon.store\/en\/wp-json\/wp\/v2\/product"}],"about":[{"href":"https:\/\/greenlebanon.store\/en\/wp-json\/wp\/v2\/types\/product"}],"replies":[{"embeddable":true,"href":"https:\/\/greenlebanon.store\/en\/wp-json\/wp\/v2\/comments?post=926"}],"wp:featuredmedia":[{"embeddable":true,"href":"https:\/\/greenlebanon.store\/en\/wp-json\/wp\/v2\/media\/928"}],"wp:attachment":[{"href":"https:\/\/greenlebanon.store\/en\/wp-json\/wp\/v2\/media?parent=926"}],"wp:term":[{"taxonomy":"product_brand","embeddable":true,"href":"https:\/\/greenlebanon.store\/en\/wp-json\/wp\/v2\/product_brand?post=926"},{"taxonomy":"product_cat","embeddable":true,"href":"https:\/\/greenlebanon.store\/en\/wp-json\/wp\/v2\/product_cat?post=926"},{"taxonomy":"product_tag","embeddable":true,"href":"https:\/\/greenlebanon.store\/en\/wp-json\/wp\/v2\/product_tag?post=926"}],"curies":[{"name":"wp","href":"https:\/\/api.w.org\/{rel}","templated":true}]}}