{"id":932,"date":"2025-10-31T13:49:10","date_gmt":"2025-10-31T13:49:10","guid":{"rendered":"https:\/\/greenlebanon.store\/?post_type=product&#038;p=932"},"modified":"2026-03-18T13:05:02","modified_gmt":"2026-03-18T13:05:02","slug":"barazek-sesame-biscuits250g","status":"publish","type":"product","link":"https:\/\/greenlebanon.store\/en\/product\/barazek-sesame-biscuits250g\/","title":{"rendered":"Barazek (Sesame Biscuits),250g"},"content":{"rendered":"<p data-start=\"0\" data-end=\"280\">Disfruta del exquisito sabor de las Barazek, unas galletas tradicionales del Medio Oriente elaboradas con una mezcla perfecta de mantequilla, s\u00e9samo tostado y pistachos. Su textura crujiente y su sabor delicadamente dulce las convierten en un aut\u00e9ntico placer para los sentidos.Presentadas en un pr\u00e1ctico envase de 250 g, las Barazek son ideales tanto para disfrutar en casa con un caf\u00e9 o t\u00e9, como para regalar y sorprender con un detalle lleno de sabor y elegancia. Cada bocado ofrece una experiencia rica, arom\u00e1tica y \u00fanica que combina tradici\u00f3n y calidad artesanal.<\/p>","protected":false},"excerpt":{"rendered":"<p>Disfruta del exquisito sabor de las Barazek, unas galletas tradicionales del Medio Oriente elaboradas con una mezcla perfecta de mantequilla, s\u00e9samo tostado y pistachos. Su textura crujiente y su sabor delicadamente dulce las convierten en un aut\u00e9ntico placer para los sentidos.Presentadas en un pr\u00e1ctico envase de 250 g, las Barazek son ideales tanto para disfrutar en casa con un caf\u00e9 o t\u00e9, como para regalar y sorprender con un detalle lleno de sabor y elegancia. Cada bocado ofrece una experiencia rica, arom\u00e1tica y \u00fanica que combina tradici\u00f3n y calidad artesanal.<\/p>","protected":false},"featured_media":934,"comment_status":"open","ping_status":"closed","template":"","meta":{"_et_pb_use_builder":"","_et_pb_old_content":"","_et_gb_content_width":""},"product_brand":[112],"product_cat":[37],"product_tag":[117],"class_list":{"0":"post-932","1":"product","2":"type-product","3":"status-publish","4":"has-post-thumbnail","6":"product_brand-al-forno","7":"product_cat-dulces","8":"product_tag-baraziq","9":"product_shipping_class-envios","11":"first","12":"outofstock","13":"shipping-taxable","14":"purchasable","15":"product-type-simple"},"_links":{"self":[{"href":"https:\/\/greenlebanon.store\/en\/wp-json\/wp\/v2\/product\/932","targetHints":{"allow":["GET"]}}],"collection":[{"href":"https:\/\/greenlebanon.store\/en\/wp-json\/wp\/v2\/product"}],"about":[{"href":"https:\/\/greenlebanon.store\/en\/wp-json\/wp\/v2\/types\/product"}],"replies":[{"embeddable":true,"href":"https:\/\/greenlebanon.store\/en\/wp-json\/wp\/v2\/comments?post=932"}],"wp:featuredmedia":[{"embeddable":true,"href":"https:\/\/greenlebanon.store\/en\/wp-json\/wp\/v2\/media\/934"}],"wp:attachment":[{"href":"https:\/\/greenlebanon.store\/en\/wp-json\/wp\/v2\/media?parent=932"}],"wp:term":[{"taxonomy":"product_brand","embeddable":true,"href":"https:\/\/greenlebanon.store\/en\/wp-json\/wp\/v2\/product_brand?post=932"},{"taxonomy":"product_cat","embeddable":true,"href":"https:\/\/greenlebanon.store\/en\/wp-json\/wp\/v2\/product_cat?post=932"},{"taxonomy":"product_tag","embeddable":true,"href":"https:\/\/greenlebanon.store\/en\/wp-json\/wp\/v2\/product_tag?post=932"}],"curies":[{"name":"wp","href":"https:\/\/api.w.org\/{rel}","templated":true}]}}