{"id":939,"date":"2025-10-31T17:09:18","date_gmt":"2025-10-31T17:09:18","guid":{"rendered":"https:\/\/greenlebanon.store\/?post_type=product&#038;p=939"},"modified":"2025-11-05T18:00:59","modified_gmt":"2025-11-05T18:00:59","slug":"baklava-mix-extra-pistachos-cardboard-box2kg","status":"publish","type":"product","link":"https:\/\/greenlebanon.store\/en\/product\/baklava-mix-extra-pistachos-cardboard-box2kg\/","title":{"rendered":"Baklava Mix Extra Pistachos (Cardboard Box),2kg"},"content":{"rendered":"<h3 data-start=\"197\" data-end=\"251\"><strong data-start=\"201\" data-end=\"251\">Baklava \u2014 Un cl\u00e1sico de la reposter\u00eda oriental<\/strong><\/h3>\n<p data-start=\"253\" data-end=\"546\">Un cl\u00e1sico de la reposter\u00eda oriental con siglos de historia, originario del Imperio Otomano y muy apreciado en todo el Mediterr\u00e1neo y Oriente Medio. Elaborado artesanalmente con finas capas de masa filo, frutos secos seleccionados y un delicado alm\u00edbar aromatizado con agua de azahar o miel.Disfruta del delicioso sabor de nuestros Baklavas, elaborados <strong data-start=\"614\" data-end=\"634\">a mano en L\u00edbano<\/strong> con precisi\u00f3n y cuidado, siguiendo recetas tradicionales transmitidas de generaci\u00f3n en generaci\u00f3n. Esta <strong data-start=\"739\" data-end=\"780\">exclusiva selecci\u00f3n extra de pistacho<\/strong> combina la textura crujiente y el sabor profundo de los frutos secos con un equilibrio perfecto de dulzura y aroma.Presentado en un lujoso formato de 2 kg, ideal para regalar en cualquier ocasi\u00f3n o compartir en reuniones especiales, este baklava es siempre <strong data-start=\"1050\" data-end=\"1095\">reci\u00e9n preparado y aut\u00e9nticamente liban\u00e9s<\/strong>, un verdadero s\u00edmbolo de tradici\u00f3n, elegancia y exquisitez.<\/p>","protected":false},"excerpt":{"rendered":"<h3 data-start=\"197\" data-end=\"251\"><strong data-start=\"201\" data-end=\"251\">Baklava \u2014 Un cl\u00e1sico de la reposter\u00eda oriental<\/strong><\/h3>\n<p data-start=\"253\" data-end=\"546\">Un cl\u00e1sico de la reposter\u00eda oriental con siglos de historia, originario del Imperio Otomano y muy apreciado en todo el Mediterr\u00e1neo y Oriente Medio. Elaborado artesanalmente con finas capas de masa filo, frutos secos seleccionados y un delicado alm\u00edbar aromatizado con agua de azahar o miel.Disfruta del delicioso sabor de nuestros Baklavas, elaborados <strong data-start=\"614\" data-end=\"634\">a mano en L\u00edbano<\/strong> con precisi\u00f3n y cuidado, siguiendo recetas tradicionales transmitidas de generaci\u00f3n en generaci\u00f3n. Esta <strong data-start=\"739\" data-end=\"780\">exclusiva selecci\u00f3n extra de pistacho<\/strong> combina la textura crujiente y el sabor profundo de los frutos secos con un equilibrio perfecto de dulzura y aroma.Presentado en un lujoso formato de 2 kg, ideal para regalar en cualquier ocasi\u00f3n o compartir en reuniones especiales, este baklava es siempre <strong data-start=\"1050\" data-end=\"1095\">reci\u00e9n preparado y aut\u00e9nticamente liban\u00e9s<\/strong>, un verdadero s\u00edmbolo de tradici\u00f3n, elegancia y exquisitez.<\/p>","protected":false},"featured_media":982,"comment_status":"open","ping_status":"closed","template":"","meta":{"_et_pb_use_builder":"","_et_pb_old_content":"","_et_gb_content_width":""},"product_brand":[115],"product_cat":[37],"product_tag":[116],"class_list":{"0":"post-939","1":"product","2":"type-product","3":"status-publish","4":"has-post-thumbnail","6":"product_brand-al-sultan","7":"product_cat-dulces","8":"product_tag-baklava","9":"product_shipping_class-envios","11":"first","12":"instock","13":"shipping-taxable","14":"purchasable","15":"product-type-simple"},"_links":{"self":[{"href":"https:\/\/greenlebanon.store\/en\/wp-json\/wp\/v2\/product\/939","targetHints":{"allow":["GET"]}}],"collection":[{"href":"https:\/\/greenlebanon.store\/en\/wp-json\/wp\/v2\/product"}],"about":[{"href":"https:\/\/greenlebanon.store\/en\/wp-json\/wp\/v2\/types\/product"}],"replies":[{"embeddable":true,"href":"https:\/\/greenlebanon.store\/en\/wp-json\/wp\/v2\/comments?post=939"}],"wp:featuredmedia":[{"embeddable":true,"href":"https:\/\/greenlebanon.store\/en\/wp-json\/wp\/v2\/media\/982"}],"wp:attachment":[{"href":"https:\/\/greenlebanon.store\/en\/wp-json\/wp\/v2\/media?parent=939"}],"wp:term":[{"taxonomy":"product_brand","embeddable":true,"href":"https:\/\/greenlebanon.store\/en\/wp-json\/wp\/v2\/product_brand?post=939"},{"taxonomy":"product_cat","embeddable":true,"href":"https:\/\/greenlebanon.store\/en\/wp-json\/wp\/v2\/product_cat?post=939"},{"taxonomy":"product_tag","embeddable":true,"href":"https:\/\/greenlebanon.store\/en\/wp-json\/wp\/v2\/product_tag?post=939"}],"curies":[{"name":"wp","href":"https:\/\/api.w.org\/{rel}","templated":true}]}}